{"id":598,"date":"2024-01-29T12:36:09","date_gmt":"2024-01-29T11:36:09","guid":{"rendered":"https:\/\/somg.fr\/?page_id=598"},"modified":"2024-02-12T22:57:35","modified_gmt":"2024-02-12T21:57:35","slug":"code-de-deontologie-sophrologue","status":"publish","type":"page","link":"https:\/\/somg.fr\/index.php\/code-de-deontologie-sophrologue\/","title":{"rendered":"Code de D\u00e9ontologie"},"content":{"rendered":"\n<p><em>Le pr\u00e9sent code de d\u00e9ontologie est destin\u00e9 \u00e0 servir de r\u00e8gle \u00e9thique et morale aux professionnel\u00b7le\u00b7s des m\u00e9tiers de la sophrologie dans le cadre de leur exercice.<\/em>.<\/p>\n\n\n\n<p><strong><u>Pr\u00e9ambule<\/u><\/strong><\/p>\n\n\n\n<p>Le pr\u00e9sent code de d\u00e9ontologie est destin\u00e9 \u00e0&nbsp;servir de r\u00e8gle&nbsp;\u00e9thique et morale aux professionnel\u00b7le\u00b7s des m\u00e9tiers de la sophrologie dans le cadre de leur exercice. Son objet est avant tout de prot\u00e9ger le\u00b7la client\u00b7e et la sophrologie elle-m\u00eame contre les \u00e9ventuels m\u00e9susages de la sophrologie et contre les pratiques qui ne prendraient pas en compte les notions d\u2019\u00e9thique professionnelle, de comp\u00e9tence, de responsabilit\u00e9 et de probit\u00e9. Les organisations signataires du pr\u00e9sent code s\u2019emploie \u00e0 le faire conna\u00eetre et le faire respecter.<\/p>\n\n\n\n<p><strong><u>Article 1 &#8211; Objet<\/u><\/strong><\/p>\n\n\n\n<p>Le pr\u00e9sent code de d\u00e9ontologie des professionnel\u00b7le\u00b7s de la sophrologie \u00e9nonce l\u2019ensemble des principes, des r\u00e8gles et des usages que tout\u00b7e professionnel\u00b7le de la sophrologie doit observer. Ces r\u00e8gles visent aussi bien le comportement personnel que l\u2019exercice proprement dit de la profession.<\/p>\n\n\n\n<p><strong><u>Article 2 &#8211; Application<\/u><\/strong><\/p>\n\n\n\n<p>Le pr\u00e9sent code a pour vocation de s\u2019appliquer \u00e0 toute personne qui exercer une profession des m\u00e9tiers de la sophrologie.&nbsp;<\/p>\n\n\n\n<p><strong><u>Article 3 &#8211; Moralit\u00e9, probit\u00e9, dignit\u00e9<\/u><\/strong><\/p>\n\n\n\n<p>Le\u00b7la professionnel\u00b7le en sophrologie, au service de l\u2019individu et des programmes en qualit\u00e9 de vie et bien-\u00eatre, exerce sa profession dans le respect de la dignit\u00e9 de la personne humaine.<\/p>\n\n\n\n<p>Une conduite morale irr\u00e9prochable et un respect des principes de probit\u00e9 sont primordiaux dans les relations du\u00b7de la professionnel\u00b7le avec ses client\u00b7e\u00b7s.<\/p>\n\n\n\n<p>Le\u00b7la professionnel\u00b7le en sophrologie doit observer \u00e0 l\u2019\u00e9gard de chaque individu une attitude empreinte de r\u00e9serve, de responsabilit\u00e9, d&#8217;autonomie et dignit\u00e9.<\/p>\n\n\n\n<p><strong><u>Article 4 &#8211; Comp\u00e9tence \u2013 Formation continue<\/u><\/strong><\/p>\n\n\n\n<p>Le\u00b7la professionnel\u00b7le en sophrologie doit se tenir au courant de l\u2019\u00e9volution de sa discipline et de sa profession afin d\u2019assurer \u00e0 son\u00b7sa client\u00b7e le meilleur accompagnement.<\/p>\n\n\n\n<p>Le\u00b7la professionnel\u00b7le en sophrologie maintient sa comp\u00e9tence par une formation continue. Il s\u2019engage dans une d\u00e9marche continue d\u2019analyses de pratique et de supervisions.<\/p>\n\n\n\n<p><strong><u>Article 5 \u2013 Non-discrimination<\/u><\/strong><\/p>\n\n\n\n<p>Le\u00b7la professionnel\u00b7le en sophrologie doit accompagner avec la m\u00eame qualit\u00e9 de service et sans discrimination tout individu quels que soient son origine, son genre, ses m\u0153urs, son orientation sexuelle, son \u00e2ge, sa situation de famille, ses caract\u00e9ristiques g\u00e9n\u00e9tiques, sa situation de handicap ou son \u00e9tat de sant\u00e9, son appartenance ou absence d\u2019appartenance vraie ou suppos\u00e9e \u00e0 une ethnie ou une nation, ses opinions politiques, ses activit\u00e9s syndicales ou associatives, ses convictions religieuses, son apparence physique, son patronyme, sa r\u00e9putation.<\/p>\n\n\n\n<p><strong><u>Article 6 &#8211; Obligations professionnelles<\/u><\/strong><\/p>\n\n\n\n<p>Le\u00b7la professionnel\u00b7le en sophrologie se doit de respecter ses engagements contractuels, ses obligations fiscales et sociales obligatoires. La souscription d\u2019une police d\u2019assurance en responsabilit\u00e9 civile professionnelle est obligatoire.<\/p>\n\n\n\n<p><strong><u>Article 7 &#8211; Libre choix<\/u><\/strong><\/p>\n\n\n\n<p>Les principes suivants s\u2019imposent \u00e0 tout\u00b7e professionnel\u00b7le en sophrologie, sauf en cas d\u2019incompatibilit\u00e9 avec une prescription l\u00e9gislative ou r\u00e9glementaire.<\/p>\n\n\n\n<p>Ces principes sont :<\/p>\n\n\n\n<p>\u2212&nbsp;&nbsp;&nbsp;&nbsp;&nbsp;&nbsp;&nbsp;&nbsp;&nbsp;Libre choix du\u00b7de la professionnel\u00b7le par le\u00b7la client\u00b7e.<\/p>\n\n\n\n<p>\u2212&nbsp;&nbsp;&nbsp;&nbsp;&nbsp;&nbsp;&nbsp;&nbsp;&nbsp;Libert\u00e9 des honoraires&nbsp;<\/p>\n\n\n\n<p>Le\u00b7la professionnel\u00b7le s\u2019engage \u00e0 r\u00e9pondre \u00e0 toute demande d\u2019information pr\u00e9alable<\/p>\n\n\n\n<p><strong><u>Article 8 &#8211; Respect de la profession<\/u><\/strong><\/p>\n\n\n\n<p>Le\u00b7la professionnel\u00b7le en sophrologie s\u2019abstient, m\u00eame en dehors de l\u2019exercice de sa profession, de tout acte de nature \u00e0 entacher l\u2019honneur ou la dignit\u00e9 de celle-ci.<\/p>\n\n\n\n<p><strong><u>Article 9 &#8211; Ind\u00e9pendance<\/u><\/strong><\/p>\n\n\n\n<p>Le\u00b7la professionnel\u00b7le en sophrologie ne peut ali\u00e9ner son ind\u00e9pendance sous quelque forme que ce soit, notamment en abusant de son influence ou en s\u2019immis\u00e7ant dans la vie priv\u00e9e de ses client\u00b7e\u00b7s.<\/p>\n\n\n\n<p><strong><u>Article 10 &#8211; Confidentialit\u00e9 &#8211; Protection des donn\u00e9es<\/u><\/strong><\/p>\n\n\n\n<p>Le\u00b7la professionnel\u00b7le en sophrologie est tenu\u00b7e au respect absolu de la confidentialit\u00e9 et de tout ce qui est port\u00e9 \u00e0 sa connaissance dans l\u2019exercice de sa profession \u00e0 savoir ce qu\u2019iel pense avoir vu, lu, entendu, constat\u00e9&nbsp;ou compris.&nbsp;<\/p>\n\n\n\n<p>Le\u00b7la professionnel\u00b7le en sophrologie doit veiller \u00e0 la protection des dossiers, fiches ou supports informatis\u00e9s relatifs \u00e0 ses client\u00b7e\u00b7s contre toute indiscr\u00e9tion, \u00e0 ce titre, iel veille \u00e0 ce que les personnes qui l\u2019assistent dans son travail soient instruites de leurs obligations en mati\u00e8re de confidentialit\u00e9 professionnelle et s\u2019y conforment.&nbsp;<\/p>\n\n\n\n<p><strong><u>Article 11 &#8211; Principes d<\/u><\/strong>\u2019<strong><u>un exercice non commercial<\/u><\/strong><\/p>\n\n\n\n<p>Le\u00b7la professionnel\u00b7le en sophrologie peut participer \u00e0 toute campagne en mati\u00e8re de pr\u00e9vention, \u00e0 des \u00e9missions radiodiffus\u00e9es, t\u00e9l\u00e9vis\u00e9es, r\u00e9seaux sociaux professionnels, tout&nbsp;support informatique destin\u00e9s \u00e0 l\u2019information du public.<\/p>\n\n\n\n<p>Il peut donner des conf\u00e9rences, publier des articles, sous r\u00e9serve du respect des r\u00e8gles de discr\u00e9tion, de dignit\u00e9 et de prudence propres \u00e0&nbsp;la profession.<\/p>\n\n\n\n<p><strong><u>Article 12 &#8211; Information \u2013 Publicit\u00e9<\/u><\/strong><\/p>\n\n\n\n<p>Les mentions figurant sur les plaques, papiers \u00e0 lettres, notes d\u2019honoraires, factures dans les annuaires, les outils Internet, etc. sont appropri\u00e9es dans leur forme et leur contenu.<\/p>\n\n\n\n<p><strong><u>Article 13 &#8211; Droit du client \u00e0 l<\/u><\/strong>\u2019<strong><u>information<\/u><\/strong><\/p>\n\n\n\n<p>Dans le cadre du droit \u00e0 l\u2019information, le\u00b7la professionnel\u00b7le en sophrologie se doit d\u2019\u00e9clairer son\u00b7sa client\u00b7e sur l\u2019accompagnement qu\u2019iel propose. Le\u00b7la professionnel\u00b7le en sophrologie est libre d\u2019utiliser le langage qu\u2019iel pense le plus adapt\u00e9 \u00e0 la bonne compr\u00e9hension du client.<\/p>\n\n\n\n<p><strong><u>&nbsp;Article 14 &#8211; Recherche du consentement libre et \u00e9clair\u00e9<\/u><\/strong><\/p>\n\n\n\n<p>Le consentement de la personne ou de son\u00b7sa repr\u00e9sentant\u00b7e l\u00e9gal\u00b7e, est recherch\u00e9. Pour le cas o\u00f9 le\u00b7la client\u00b7e est mineur\u00b7e ou un majeur\u00b7e sous tutelle, le\u00b7la professionnel\u00b7le en sophrologie d\u00e9livre l\u2019information, selon le cas, au\u00b7\u00e0 la titulaire de l\u2019autorit\u00e9 parentale, ou au\u00b7\u00e0 la tuteur\u00b7rice, tout comme \u00e0 l\u2019int\u00e9ress\u00e9\u00b7e iel-m\u00eame.<\/p>\n\n\n\n<p><strong><u>Article 15 &#8211; Objectivit\u00e9<\/u><\/strong><\/p>\n\n\n\n<p>Le\u00b7la professionnel\u00b7le en sophrologie agit toujours avec correction et compr\u00e9hension. Iel a un devoir d\u2019objectivit\u00e9.<\/p>\n\n\n\n<p><strong><u>&nbsp;Article 16 &#8211; Assistance et protection de la personne en p\u00e9ril<\/u><\/strong><\/p>\n\n\n\n<p>Lorsque le\u00b7la professionnel\u00b7le en sophrologie estime qu\u2019un\u00b7e client (mineur\u00b7e ou autre) para\u00eet \u00eatre victime de s\u00e9vices ou de privations, il doit, en faisant preuve de prudence et de circonspection, mettre en \u0153uvre les moyens les plus ad\u00e9quats pour la\u00b7e prot\u00e9ger et, le cas \u00e9ch\u00e9ant, alerter les autorit\u00e9s comp\u00e9tentes, conform\u00e9ment aux dispositions du code civil.&nbsp;<\/p>\n\n\n\n<p><strong><u>Article 17 &#8211; Comp\u00e9tences et limite de comp\u00e9tences<\/u><\/strong><\/p>\n\n\n\n<p>Le\u00b7la professionnel\u00b7le en sophrologie respecte les r\u00e9f\u00e9rentiels de la profession, et notamment ses champs de comp\u00e9tences. Il r\u00e9oriente le\u00b7la client\u00b7e vers un\u00b7e professionnel\u00b7le appropri\u00e9\u00b7e si le cas le n\u00e9cessite.<\/p>\n\n\n\n<p>Le\u00b7la professionnel\u00b7le en sophrologie ne doit pas entreprendre ou poursuivre un accompagnement&nbsp;dans des domaines qui d\u00e9passent ses connaissances, son exp\u00e9rience et les moyens dont iel dispose.<\/p>\n\n\n\n<p><strong><u>Article 18 &#8211; Statut du\u00b7de la professionnel\u00b7le en sophrologie<\/u><\/strong><\/p>\n\n\n\n<p>Le\u00b7la professionnel\u00b7le en sophrologie peut exercer sa profession en qualit\u00e9 d\u2019ind\u00e9pendant, de salari\u00e9, de collaborateur, \u00e9ventuellement de fonctionnaire selon la l\u00e9gislation en vigueur.&nbsp;<\/p>\n\n\n\n<p><strong><u>Article 19 &#8211; Hygi\u00e8ne &#8211; S\u00e9curit\u00e9 des locaux&nbsp;<\/u><\/strong><\/p>\n\n\n\n<p>Le\u00b7la professionnel\u00b7le en sophrologie doit veiller \u00e0 ce que le lieu de ses interventions r\u00e9ponde aux exigences r\u00e9glementaires en vigueur li\u00e9es aux \u00e9tablissements recevant du public (ERP). Toutes les mesures n\u00e9cessaires seront prises en mati\u00e8re d\u2019hygi\u00e8ne, de qualit\u00e9 de service et d\u2019acc\u00e8s aux locaux.&nbsp;<\/p>\n\n\n\n<p><strong><u>Article 20 &#8211; Collaboration professionnelle<\/u><\/strong><\/p>\n\n\n\n<p>Le\u00b7la professionnel\u00b7le en sophrologie peut se faire remplacer temporairement par un.e coll\u00e8gue qui r\u00e9pond au m\u00eame code de d\u00e9ontologie. Les modalit\u00e9s de collaboration seront d\u00e9?nies par contrat \u00e9crit.&nbsp;<\/p>\n\n\n\n<p><strong><u>Article 21 &#8211; Dossier client\u00e8le<\/u><\/strong><\/p>\n\n\n\n<p>Le\u00b7la professionnel\u00b7le en sophrologie tient un dossier pour chaque client\u00b7e, sous quelque forme que ce soit. Ce dossier, strictement confidentiel, comporte l\u2019ensemble des informations concernant l\u2019accompagnement du\u00b7de la client\u00b7e. Chaque dossier est obligatoirement conserv\u00e9 par le\u00b7la praticien\u00b7ne dans les termes et d\u00e9lais pr\u00e9vus par les textes sous la forme de son choix.<\/p>\n\n\n\n<p><strong><u>Article 22 &#8211; Utilisation des donn\u00e9es dans un but d\u2019\u00e9tude ou de publication<\/u><\/strong><\/p>\n\n\n\n<p>Le\u00b7la professionnel\u00b7le en sophrologie peut se servir du dossier d\u2019un\u00b7e client\u00b7e avec l\u2019accord de ce\u00b7tte dernier\u00b7\u00e8re pour ses travaux d\u2019\u00e9tude, \u00e0 condition de ne faire para\u00eetre dans les publications aucun nom ni aucun d\u00e9tail qui permettraient l\u2019identification du\u00b7de la client\u00b7e par des tiers.&nbsp;<\/p>\n\n\n\n<p><strong><u>Article 23&nbsp;<\/u><\/strong><\/p>\n\n\n\n<p>Les professionnel\u00b7le\u00b7s en sophrologie doivent entretenir entre iels des rapports de bonne confraternit\u00e9 et consororit\u00e9. Ce qui suppose une obligation d\u00e9ontologique qu\u2019iels doivent respecter dans leur exercice, outre les r\u00e8gles de dignit\u00e9, ind\u00e9pendance, humanit\u00e9 qui constituent leur code, les principes de loyaut\u00e9, de confraternit\u00e9 sororit\u00e9, de mod\u00e9ration et de courtoisie. Toutefois, la confraternit\u00e9 sororit\u00e9, qui a pour objet de permettre l\u2019\u00e9tablissement de relations de confiance entre professionnel\u00b7le\u00b7s, ne doit jamais l&#8217;emporter sur l\u2019int\u00e9r\u00eat du client.<\/p>\n\n\n\n<p><strong><u>Article 24<\/u><\/strong><\/p>\n\n\n\n<p>Le d\u00e9tournement ou la tentative de d\u00e9tournement de client\u00e8le est interdit.<\/p>\n\n\n\n<p><strong><u>Article 25<\/u><\/strong><\/p>\n\n\n\n<p>Toute pratique tendant \u00e0 r\u00e9duire, dans un but de concurrence d\u00e9loyale, le montant de ses honoraires, est proscrite.<\/p>\n\n\n\n<p><strong><u>Article 26<\/u><\/strong><\/p>\n\n\n\n<p>Le\u00b7la professionnel\u00b7le en sophrologie charg\u00e9\u00b7e d\u2019effectuer une expertise est soumis\u00b7e aux dispositions de la l\u00e9gislation en la mati\u00e8re. Iel ne peut accepter de mission oppos\u00e9e \u00e0 son \u00e9thique professionnelle.<\/p>\n\n\n\n<p><strong><u>Article 27<\/u><\/strong><\/p>\n\n\n\n<p>Toute acceptation d\u2019une mission d\u2019expertise par le\u00b7la professionnel\u00b7le en sophrologie suppose le respect des m\u00eames r\u00e8gles que celles qui s\u2019imposent pour l\u2019exercice de sa profession, la communication de ce qu\u2019iel a constat\u00e9 se limitant strictement aux questions qui lui sont pos\u00e9es.<\/p>\n","protected":false},"excerpt":{"rendered":"<p>Le pr\u00e9sent code de d\u00e9ontologie est destin\u00e9 \u00e0 servir de r\u00e8gle \u00e9thique et morale aux professionnel\u00b7le\u00b7s des m\u00e9tiers de la sophrologie dans le cadre de leur exercice.. Pr\u00e9ambule Le pr\u00e9sent code de d\u00e9ontologie est destin\u00e9 \u00e0&nbsp;servir de r\u00e8gle&nbsp;\u00e9thique et morale aux professionnel\u00b7le\u00b7s des m\u00e9tiers de la sophrologie dans le cadre de leur exercice. Son objet&#8230;<\/p>\n","protected":false},"author":1,"featured_media":0,"parent":0,"menu_order":0,"comment_status":"closed","ping_status":"closed","template":"","meta":{"_kad_post_transparent":"","_kad_post_title":"default","_kad_post_layout":"","_kad_post_sidebar_id":"","_kad_post_content_style":"","_kad_post_vertical_padding":"","_kad_post_feature":"","_kad_post_feature_position":"","_kad_post_header":false,"_kad_post_footer":false,"footnotes":""},"class_list":["post-598","page","type-page","status-publish","hentry"],"yoast_head":"<!-- This site is optimized with the Yoast SEO plugin v27.4 - https:\/\/yoast.com\/product\/yoast-seo-wordpress\/ -->\n<title>Code de D\u00e9ontologie - Maria Guillaumot<\/title>\n<meta name=\"description\" content=\"Le code de d\u00e9ontologie est destin\u00e9 \u00e0 servir de r\u00e8gle \u00e9thique et morale au sophrologue professionnel lors des accompagnement.\" \/>\n<meta name=\"robots\" content=\"index, follow, max-snippet:-1, max-image-preview:large, max-video-preview:-1\" \/>\n<link rel=\"canonical\" href=\"https:\/\/somg.fr\/index.php\/code-de-deontologie-sophrologue\/\" \/>\n<meta property=\"og:locale\" content=\"en_US\" \/>\n<meta property=\"og:type\" content=\"article\" \/>\n<meta property=\"og:title\" content=\"Code de D\u00e9ontologie - Maria Guillaumot\" \/>\n<meta property=\"og:description\" content=\"Le code de d\u00e9ontologie est destin\u00e9 \u00e0 servir de r\u00e8gle \u00e9thique et morale au sophrologue professionnel lors des accompagnement.\" \/>\n<meta property=\"og:url\" content=\"https:\/\/somg.fr\/index.php\/code-de-deontologie-sophrologue\/\" \/>\n<meta property=\"og:site_name\" content=\"Maria Guillaumot\" \/>\n<meta property=\"article:publisher\" content=\"https:\/\/www.facebook.com\/profile.php?id=61556253637696\" \/>\n<meta property=\"article:modified_time\" content=\"2024-02-12T21:57:35+00:00\" \/>\n<meta name=\"twitter:card\" content=\"summary_large_image\" \/>\n<meta name=\"twitter:label1\" content=\"Est. reading time\" \/>\n\t<meta name=\"twitter:data1\" content=\"8 minutes\" \/>\n<script type=\"application\/ld+json\" class=\"yoast-schema-graph\">{\"@context\":\"https:\\\/\\\/schema.org\",\"@graph\":[{\"@type\":\"WebPage\",\"@id\":\"https:\\\/\\\/somg.fr\\\/index.php\\\/code-de-deontologie-sophrologue\\\/\",\"url\":\"https:\\\/\\\/somg.fr\\\/index.php\\\/code-de-deontologie-sophrologue\\\/\",\"name\":\"Code de D\u00e9ontologie - Maria Guillaumot\",\"isPartOf\":{\"@id\":\"https:\\\/\\\/somg.fr\\\/#website\"},\"datePublished\":\"2024-01-29T11:36:09+00:00\",\"dateModified\":\"2024-02-12T21:57:35+00:00\",\"description\":\"Le code de d\u00e9ontologie est destin\u00e9 \u00e0 servir de r\u00e8gle \u00e9thique et morale au sophrologue professionnel lors des accompagnement.\",\"breadcrumb\":{\"@id\":\"https:\\\/\\\/somg.fr\\\/index.php\\\/code-de-deontologie-sophrologue\\\/#breadcrumb\"},\"inLanguage\":\"en-US\",\"potentialAction\":[{\"@type\":\"ReadAction\",\"target\":[\"https:\\\/\\\/somg.fr\\\/index.php\\\/code-de-deontologie-sophrologue\\\/\"]}]},{\"@type\":\"BreadcrumbList\",\"@id\":\"https:\\\/\\\/somg.fr\\\/index.php\\\/code-de-deontologie-sophrologue\\\/#breadcrumb\",\"itemListElement\":[{\"@type\":\"ListItem\",\"position\":1,\"name\":\"Accueil\",\"item\":\"https:\\\/\\\/somg.fr\\\/\"},{\"@type\":\"ListItem\",\"position\":2,\"name\":\"Code de D\u00e9ontologie\"}]},{\"@type\":\"WebSite\",\"@id\":\"https:\\\/\\\/somg.fr\\\/#website\",\"url\":\"https:\\\/\\\/somg.fr\\\/\",\"name\":\"So MG\",\"description\":\"Sophrologue \",\"publisher\":{\"@id\":\"https:\\\/\\\/somg.fr\\\/#organization\"},\"alternateName\":\"Sophrologue Maria Guillaumot\",\"potentialAction\":[{\"@type\":\"SearchAction\",\"target\":{\"@type\":\"EntryPoint\",\"urlTemplate\":\"https:\\\/\\\/somg.fr\\\/?s={search_term_string}\"},\"query-input\":{\"@type\":\"PropertyValueSpecification\",\"valueRequired\":true,\"valueName\":\"search_term_string\"}}],\"inLanguage\":\"en-US\"},{\"@type\":\"Organization\",\"@id\":\"https:\\\/\\\/somg.fr\\\/#organization\",\"name\":\"So MG - Maria Guillaumot\",\"url\":\"https:\\\/\\\/somg.fr\\\/\",\"logo\":{\"@type\":\"ImageObject\",\"inLanguage\":\"en-US\",\"@id\":\"https:\\\/\\\/somg.fr\\\/#\\\/schema\\\/logo\\\/image\\\/\",\"url\":\"https:\\\/\\\/somg.fr\\\/wp-content\\\/uploads\\\/2024\\\/02\\\/logo-somg-test-5.png\",\"contentUrl\":\"https:\\\/\\\/somg.fr\\\/wp-content\\\/uploads\\\/2024\\\/02\\\/logo-somg-test-5.png\",\"width\":400,\"height\":400,\"caption\":\"So MG - Maria Guillaumot\"},\"image\":{\"@id\":\"https:\\\/\\\/somg.fr\\\/#\\\/schema\\\/logo\\\/image\\\/\"},\"sameAs\":[\"https:\\\/\\\/www.facebook.com\\\/profile.php?id=61556253637696\"]}]}<\/script>\n<!-- \/ Yoast SEO plugin. -->","yoast_head_json":{"title":"Code de D\u00e9ontologie - Maria Guillaumot","description":"Le code de d\u00e9ontologie est destin\u00e9 \u00e0 servir de r\u00e8gle \u00e9thique et morale au sophrologue professionnel lors des accompagnement.","robots":{"index":"index","follow":"follow","max-snippet":"max-snippet:-1","max-image-preview":"max-image-preview:large","max-video-preview":"max-video-preview:-1"},"canonical":"https:\/\/somg.fr\/index.php\/code-de-deontologie-sophrologue\/","og_locale":"en_US","og_type":"article","og_title":"Code de D\u00e9ontologie - Maria Guillaumot","og_description":"Le code de d\u00e9ontologie est destin\u00e9 \u00e0 servir de r\u00e8gle \u00e9thique et morale au sophrologue professionnel lors des accompagnement.","og_url":"https:\/\/somg.fr\/index.php\/code-de-deontologie-sophrologue\/","og_site_name":"Maria Guillaumot","article_publisher":"https:\/\/www.facebook.com\/profile.php?id=61556253637696","article_modified_time":"2024-02-12T21:57:35+00:00","twitter_card":"summary_large_image","twitter_misc":{"Est. reading time":"8 minutes"},"schema":{"@context":"https:\/\/schema.org","@graph":[{"@type":"WebPage","@id":"https:\/\/somg.fr\/index.php\/code-de-deontologie-sophrologue\/","url":"https:\/\/somg.fr\/index.php\/code-de-deontologie-sophrologue\/","name":"Code de D\u00e9ontologie - Maria Guillaumot","isPartOf":{"@id":"https:\/\/somg.fr\/#website"},"datePublished":"2024-01-29T11:36:09+00:00","dateModified":"2024-02-12T21:57:35+00:00","description":"Le code de d\u00e9ontologie est destin\u00e9 \u00e0 servir de r\u00e8gle \u00e9thique et morale au sophrologue professionnel lors des accompagnement.","breadcrumb":{"@id":"https:\/\/somg.fr\/index.php\/code-de-deontologie-sophrologue\/#breadcrumb"},"inLanguage":"en-US","potentialAction":[{"@type":"ReadAction","target":["https:\/\/somg.fr\/index.php\/code-de-deontologie-sophrologue\/"]}]},{"@type":"BreadcrumbList","@id":"https:\/\/somg.fr\/index.php\/code-de-deontologie-sophrologue\/#breadcrumb","itemListElement":[{"@type":"ListItem","position":1,"name":"Accueil","item":"https:\/\/somg.fr\/"},{"@type":"ListItem","position":2,"name":"Code de D\u00e9ontologie"}]},{"@type":"WebSite","@id":"https:\/\/somg.fr\/#website","url":"https:\/\/somg.fr\/","name":"So MG","description":"Sophrologue ","publisher":{"@id":"https:\/\/somg.fr\/#organization"},"alternateName":"Sophrologue Maria Guillaumot","potentialAction":[{"@type":"SearchAction","target":{"@type":"EntryPoint","urlTemplate":"https:\/\/somg.fr\/?s={search_term_string}"},"query-input":{"@type":"PropertyValueSpecification","valueRequired":true,"valueName":"search_term_string"}}],"inLanguage":"en-US"},{"@type":"Organization","@id":"https:\/\/somg.fr\/#organization","name":"So MG - Maria Guillaumot","url":"https:\/\/somg.fr\/","logo":{"@type":"ImageObject","inLanguage":"en-US","@id":"https:\/\/somg.fr\/#\/schema\/logo\/image\/","url":"https:\/\/somg.fr\/wp-content\/uploads\/2024\/02\/logo-somg-test-5.png","contentUrl":"https:\/\/somg.fr\/wp-content\/uploads\/2024\/02\/logo-somg-test-5.png","width":400,"height":400,"caption":"So MG - Maria Guillaumot"},"image":{"@id":"https:\/\/somg.fr\/#\/schema\/logo\/image\/"},"sameAs":["https:\/\/www.facebook.com\/profile.php?id=61556253637696"]}]}},"_links":{"self":[{"href":"https:\/\/somg.fr\/index.php\/wp-json\/wp\/v2\/pages\/598","targetHints":{"allow":["GET"]}}],"collection":[{"href":"https:\/\/somg.fr\/index.php\/wp-json\/wp\/v2\/pages"}],"about":[{"href":"https:\/\/somg.fr\/index.php\/wp-json\/wp\/v2\/types\/page"}],"author":[{"embeddable":true,"href":"https:\/\/somg.fr\/index.php\/wp-json\/wp\/v2\/users\/1"}],"replies":[{"embeddable":true,"href":"https:\/\/somg.fr\/index.php\/wp-json\/wp\/v2\/comments?post=598"}],"version-history":[{"count":5,"href":"https:\/\/somg.fr\/index.php\/wp-json\/wp\/v2\/pages\/598\/revisions"}],"predecessor-version":[{"id":683,"href":"https:\/\/somg.fr\/index.php\/wp-json\/wp\/v2\/pages\/598\/revisions\/683"}],"wp:attachment":[{"href":"https:\/\/somg.fr\/index.php\/wp-json\/wp\/v2\/media?parent=598"}],"curies":[{"name":"wp","href":"https:\/\/api.w.org\/{rel}","templated":true}]}}