{"id":596,"date":"2024-01-29T12:35:51","date_gmt":"2024-01-29T11:35:51","guid":{"rendered":"https:\/\/somg.fr\/?page_id=596"},"modified":"2024-02-29T15:48:28","modified_gmt":"2024-02-29T14:48:28","slug":"cgv-cgu","status":"publish","type":"page","link":"https:\/\/somg.fr\/index.php\/cgv-cgu\/","title":{"rendered":"CGV \/ CGU"},"content":{"rendered":"\n<h1 class=\"wp-block-heading\"><strong>Conditions G\u00e9n\u00e9rales de Vente (CGV)<\/strong><\/h1>\n\n\n\n<h2 class=\"wp-block-heading has-medium-font-size\"><strong><u>1. PREAMBULE<\/u><\/strong><\/h2>\n\n\n\n<p>Les pr\u00e9sentes Conditions G\u00e9n\u00e9rales de Vente d\u00e9finissent les modalit\u00e9s de prestations de services en sophrologie propos\u00e9es par Maria GUILLAUMOT &#8211; SO MG, dont le si\u00e8ge social est situ\u00e9 10 rue Enrico Fermi &#8211; 63540 ROMAGNAT, immatricul\u00e9 sous le num\u00e9ro 984153544, et r\u00e9gissent les relations contractuelles entre le Sophrologue et ses Clients.<\/p>\n\n\n\n<h2 class=\"wp-block-heading has-medium-font-size\"><strong><u>2. DECLARATIONS PREALABLES DES PARTIES&nbsp;<\/u><\/strong><\/h2>\n\n\n\n<ul class=\"wp-block-list\">\n<li>Le Client d\u00e9clare et garantit au Sophrologue :<br>\u00eatre majeur et dot\u00e9 de la capacit\u00e9 juridique \u00e0 conclure le pr\u00e9sent Contrat,<\/li>\n\n\n\n<li>ne pas \u00eatre affect\u00e9, \u00e0 sa connaissance, de maladies psychiatriques ou, si tel est le cas, \u00eatre suivi par un m\u00e9decin titulaire d\u2019un dipl\u00f4me d\u2019Etat reconnu et inscrit \u00e0 un tableau de l\u2019ordre des m\u00e9decins en France.&nbsp;<\/li>\n<\/ul>\n\n\n\n<p>Le Client d\u00e9clare \u00eatre inform\u00e9 de la nature des prestations effectu\u00e9es par le Sophrologue et reconnait que ce dernier a \u00e9t\u00e9 \u00e0 son enti\u00e8re disposition pour l\u2019informer de tout ce qui \u00e9tait important en fonction de ses besoins.<\/p>\n\n\n\n<p>Le Sophrologue d\u00e9clare et garantit au Client \u00eatre habilit\u00e9 \u00e0 fournir les prestations de services en qualit\u00e9 de titulaire d\u2019un parchemin de Sophrologue.<\/p>\n\n\n\n<h2 class=\"wp-block-heading has-medium-font-size\"><strong><u>3. RESPONSABILITES ET ENGAGEMENT<\/u><\/strong><\/h2>\n\n\n\n<h3 class=\"wp-block-heading has-small-font-size\"><strong>3.1<\/strong>. <strong>Responsabilit\u00e9 du Sophrologue<\/strong> :<\/h3>\n\n\n\n<p>Le Sophrologue s&#8217;engage \u00e0 fournir ses services avec comp\u00e9tence, professionnalisme, et dans le respect du <a href=\"https:\/\/somg.fr\/index.php\/code-de-deontologie\/\">Code de D\u00e9ontologie des Sophrologues<\/a>.<\/p>\n\n\n\n<h3 class=\"wp-block-heading has-small-font-size\"><strong>3.2.<\/strong> <strong>Engagement du Client<\/strong> :<\/h3>\n\n\n\n<p> Le Client s&#8217;engage \u00e0 participer activement, \u00e0 suivre les consignes du Sophrologue, et \u00e0 \u00eatre responsable de sa propre implication dans le processus d&#8217;accompagnement.<\/p>\n\n\n\n<h3 class=\"wp-block-heading has-small-font-size\"><strong>3.3.<\/strong> <strong>Limitation M\u00e9dicale<\/strong> :<\/h3>\n\n\n\n<p>Les services fournis par le Sophrologue ne peuvent en aucun cas se substituer \u00e0 un diagnostic et\/ou \u00e0 un traitement m\u00e9dical. Ils ne dispensent nullement le client de consulter un m\u00e9decin, seul habilit\u00e9 \u00e0 poser un diagnostic m\u00e9dical et \u00e0 prescrire un traitement m\u00e9dical appropri\u00e9.<\/p>\n\n\n\n<p>Le Sophrologue se r\u00e9serve le droit de refuser l&#8217;accompagnement d&#8217;un client pr\u00e9sentant une pathologie connue ou suppos\u00e9e sans que le client ai consult\u00e9 au pr\u00e9alable un professionnel de la sant\u00e9, tel qu&#8217;un m\u00e9decin.<\/p>\n\n\n\n<p>La s\u00e9curit\u00e9 et le bien-\u00eatre des clients sont la priorit\u00e9, et tout refus d&#8217;accompagnement dans ces circonstances vise \u00e0 garantir une approche responsable et s\u00e9curis\u00e9e de la pratique de la sophrologie.<\/p>\n\n\n\n<p>Il est fortement recommand\u00e9 que toute personne suspectant une condition m\u00e9dicale consulte un professionnel de la sant\u00e9 avant d&#8217;entreprendre des s\u00e9ances de sophrologie.<\/p>\n\n\n\n<h2 class=\"wp-block-heading has-medium-font-size\"><strong><u>4. PRESTATIONS DE SERVICES EN SOPHROLOGIE<\/u><\/strong><\/h2>\n\n\n\n<h3 class=\"wp-block-heading has-small-font-size\"><strong>4.1 Lieu des s\u00e9ances\u00a0:<\/strong><\/h3>\n\n\n\n<p><br> L\u2019accompagnement en sophrologie se fera, en accord avec le Client et, selon le cas, soit :\u00a0<\/p>\n\n\n\n<ul class=\"wp-block-list\">\n<li>dans les locaux professionnels ;<\/li>\n\n\n\n<li>\u00e0 distance par un moyen de communication \u00e9lectronique ;<\/li>\n\n\n\n<li>hors \u00e9tablissement du Sophrologue : par exemple au domicile du Client, lors d\u2019ateliers collectifs de sophrologie, lors d\u2019ateliers d\u2019intervention et\/ou de Formation&nbsp;de Sophrologie sur diff\u00e9rents th\u00e8mes aupr\u00e8s des entreprises, des collectivit\u00e9s, des \u00e9tablissements scolaires publics ou priv\u00e9s, des associations.<\/li>\n<\/ul>\n\n\n\n<p>La ou les date(s) de r\u00e9alisation des Prestations seront fix\u00e9es conjointement entre le Sophrologue et le Client.&nbsp;<\/p>\n\n\n\n<p>Le Client s&#8217;oblige \u00e0 participer activement \u00e0 la collaboration avec le Sophrologue, en lui communiquant toutes les informations requises pour assurer la qualit\u00e9 des Prestations, notamment en ce qui concerne sa situation personnelle (\u00e9tat de sant\u00e9, grossesse, fragilit\u00e9s sp\u00e9cifiques, handicap).<\/p>\n\n\n\n<p>De son c\u00f4t\u00e9, le Sophrologue s&#8217;engage \u00e0 d\u00e9ployer toute la diligence et l&#8217;attention n\u00e9cessaires pour assurer la bonne r\u00e9alisation des Prestations. Il s&#8217;engage \u00e9galement \u00e0 informer le Client de mani\u00e8re transparente sur d&#8217;\u00e9ventuelles difficult\u00e9s qui pourraient survenir pendant le d\u00e9roulement des Prestations.<\/p>\n\n\n\n<p>Le Prestataire est tenu \u00e0 une obligation de moyen en mati\u00e8re de conseil et information et non \u00e0 une obligation de r\u00e9sultat, celle-ci d\u00e9pendant principalement de la volition et de l\u2019assiduit\u00e9 du client.<\/p>\n\n\n\n<h3 class=\"wp-block-heading has-small-font-size\"><strong>4.2 Impossibilit\u00e9 d\u2019accompagnement<\/strong>\u00a0:<\/h3>\n\n\n\n<p><br>Le Prestataire se r\u00e9serve le droit de d\u00e9cliner toute demande d&#8217;accompagnement qui ne rel\u00e8ve pas de ses comp\u00e9tences, conform\u00e9ment aux formations qu&#8217;il a suivies et valid\u00e9es par ses certifications ou attestations de formation en pr\u00e9sentiel, disponibles sur demande. Cette mesure vise \u00e0 assurer le bien-\u00eatre du client en garantissant que les services fournis correspondent aux comp\u00e9tences et qualifications du Prestataire.<\/p>\n\n\n\n<p>En cas de refus d\u2019accompagner toute personne dans sa demande, il proposera tant que possible, les coordonn\u00e9es de confr\u00e8res plus \u00e0 m\u00eame de r\u00e9pondre \u00e0 sa demande sp\u00e9cifique.<\/p>\n\n\n\n<p>Le sophrologue se r\u00e9serve le droit, avec l&#8217;accord du Client, de solliciter des professionnels de la sant\u00e9 en lien avec la situation du Client afin d&#8217;obtenir toute information jug\u00e9e pertinente pour l&#8217;accompagnement demand\u00e9. Cette d\u00e9marche est effectu\u00e9e dans le respect strict de la politique de confidentialit\u00e9 \u00e0 laquelle le sophrologue est soumis.<\/p>\n\n\n\n<h3 class=\"wp-block-heading has-small-font-size\"><strong>4.3.<\/strong> <strong>Annulation ou Report de S\u00e9ance<\/strong> :<\/h3>\n\n\n\n<p><br> Toute annulation ou report de s\u00e9ance doit \u00eatre notifi\u00e9e au moins 24 heures \u00e0 l&#8217;avance, sauf cas de force majeure.<\/p>\n\n\n\n<h2 class=\"wp-block-heading has-medium-font-size\"><strong><u>5. CONDITIONS TARIFAIRES ET MODALITES DE PAIEMENT<\/u><\/strong><\/h2>\n\n\n\n<h3 class=\"wp-block-heading has-small-font-size\"><strong>5.1. Tarifs<\/strong>: <\/h3>\n\n\n\n<p> Les tarifs des prestations de services en sophrologie sont d\u00e9taill\u00e9s dans la proposition commerciale en vigueur.<\/p>\n\n\n\n<h3 class=\"wp-block-heading has-small-font-size\"><strong>5.2. Modalit\u00e9s de Paiement<\/strong>: <\/h3>\n\n\n\n<p> Le r\u00e8glement s&#8217;effectue selon les modalit\u00e9s convenues entre les parties, en esp\u00e8ce, ch\u00e8que ou virement, avant le d\u00e9but de la prestation.<br> Tout retard de paiement pourra entra\u00eener des p\u00e9nalit\u00e9s de retard.<\/p>\n\n\n\n<h2 class=\"wp-block-heading has-medium-font-size\"><strong><u>6. CONFIDENTIALITE<\/u><\/strong><\/h2>\n\n\n\n<p>Le sophrologue est soumis au devoir de confidentialit\u00e9 absolu. Toutes les informations partag\u00e9es pendant les s\u00e9ances demeurent confidentielles, et aucune divulgation ne sera faite sans le consentement \u00e9crit de toutes les parties impliqu\u00e9es, \u00e0 moins que la loi ne l&#8217;exige.<\/p>\n\n\n\n<h2 class=\"wp-block-heading has-medium-font-size\"><strong><u>7. MODIFICATION DES CGV<\/u><\/strong><\/h2>\n\n\n\n<p>Le Sophrologue se r\u00e9serve le droit de modifier les pr\u00e9sentes CGV. Les modifications seront port\u00e9es \u00e0 la connaissance du Client et entreront en vigueur \u00e0 la date indiqu\u00e9e.<\/p>\n\n\n\n<h2 class=\"wp-block-heading has-medium-font-size\"><strong><u>8. DROIT APPLICABLE ET LITIGES<\/u><\/strong><\/h2>\n\n\n\n<p>Les pr\u00e9sentes CGV sont soumises au droit en vigueur. En cas de litige, les parties s&#8217;efforceront de trouver une solution amiable.<\/p>\n\n\n\n<p>\u00c0 d\u00e9faut, le litige sera port\u00e9 devant le tribunal comp\u00e9tent. Ce sera celui g\u00e9ographiquement le plus proche du lieu de r\u00e9sidence du Sophrologue, conform\u00e9ment aux r\u00e8gles de comp\u00e9tence territoriale en vigueur.<\/p>\n\n\n\n<p>Cette disposition vise \u00e0 favoriser une r\u00e9solution efficace et pratique des diff\u00e9rends \u00e9ventuels.<\/p>\n\n\n\n<h1 class=\"wp-block-heading\"><strong><u>Conditions G\u00e9n\u00e9rales d&#8217;Utilisation (CGU) pour les S\u00e9ances de Sophrologie<\/u><\/strong><\/h1>\n\n\n\n<p>Merci de prendre le temps de lire attentivement les pr\u00e9sentes Conditions G\u00e9n\u00e9rales d&#8217;Utilisation (CGU) avant de participer \u00e0 une s\u00e9ance de sophrologie en cabinet ou en visio. En acc\u00e9dant \u00e0 nos services, vous acceptez de respecter les termes et conditions \u00e9nonc\u00e9s ci-dessous.<\/p>\n\n\n\n<h2 class=\"wp-block-heading has-medium-font-size\"><strong><u>Objet des S\u00e9ances<\/u><\/strong><\/h2>\n\n\n\n<p>&nbsp;Nos s\u00e9ances de sophrologie, qu&#8217;elles soient dispens\u00e9es en cabinet ou en visioconf\u00e9rence, en individuel ou en groupe, ont pour objectif de promouvoir le bien-\u00eatre physique et mental des participants, en utilisant des techniques de relaxation dynamique, de respiration et de visualisation.<\/p>\n\n\n\n<h2 class=\"wp-block-heading has-medium-font-size\"><strong><u>Modalit\u00e9s de Participation<\/u><\/strong><\/h2>\n\n\n\n<ul class=\"wp-block-list\">\n<li>Pour les s\u00e9ances en cabinet, veuillez arriver \u00e0 l&#8217;heure convenue. En cas de retard, la dur\u00e9e de la s\u00e9ance pourrait \u00eatre ajust\u00e9e en fonction des disponibilit\u00e9s du sophrologue.<\/li>\n\n\n\n<li>Pour les s\u00e9ances en visio, assurez-vous d&#8217;avoir une connexion internet stable.<\/li>\n<\/ul>\n\n\n\n<h2 class=\"wp-block-heading has-medium-font-size\"><strong><u>Confidentialit\u00e9 et Respect de la Vie Priv\u00e9e<\/u><\/strong><\/h2>\n\n\n\n<p>Les \u00e9changes lors des s\u00e9ances sont confidentiels. Le sophrologue s&#8217;engage \u00e0 respecter la confidentialit\u00e9 des informations partag\u00e9es pendant les s\u00e9ances, conform\u00e9ment aux r\u00e8gles d\u00e9ontologiques de la sophrologie.<\/p>\n\n\n\n<p>Les s\u00e9ances en visio sont s\u00e9curis\u00e9es, mais il est de la responsabilit\u00e9 du participant de s&#8217;assurer de la confidentialit\u00e9 de son environnement.<\/p>\n\n\n\n<p>Le client s\u2019engage \u00e0 rester courtois, poli pendant les prestations, \u00e0 ne pas faire de propositions d\u00e9plac\u00e9es, \u00e0 ne pas faire de commentaires d\u00e9plac\u00e9s par voie verbale ou sur n\u2019importe quel support, sous peine de poursuite judiciaire.<\/p>\n\n\n\n<h2 class=\"wp-block-heading has-medium-font-size\"><strong><u>Tarifs et Paiement<\/u><\/strong><\/h2>\n\n\n\n<p>Les tarifs des s\u00e9ances sont indiqu\u00e9s sur notre site web. Le paiement doit \u00eatre effectu\u00e9 avant le d\u00e9but de la s\u00e9ance, que ce soit en personne ou en ligne.<\/p>\n\n\n\n<p>Toute annulation ou report de s\u00e9ance doit \u00eatre notifi\u00e9e au moins 24 heures \u00e0 l&#8217;avance, sauf cas de force majeure.<\/p>\n\n\n\n<h2 class=\"wp-block-heading has-medium-font-size\"><strong><u>Droits de Propri\u00e9t\u00e9 Intellectuelle<\/u><\/strong><\/h2>\n\n\n\n<p>Les documents, enregistrements ou supports fournis lors des s\u00e9ances sont prot\u00e9g\u00e9s par des droits de propri\u00e9t\u00e9 intellectuelle. Toute reproduction ou distribution sans autorisation est interdite.<\/p>\n\n\n\n<h2 class=\"wp-block-heading has-medium-font-size\"><strong><u>Responsabilit\u00e9<\/u><\/strong><\/h2>\n\n\n\n<p>Les s\u00e9ances de sophrologie ne constituent pas un traitement m\u00e9dical. En cas de probl\u00e8mes de sant\u00e9, il est recommand\u00e9 de consulter un professionnel de la sant\u00e9. Le sophrologue n&#8217;est pas responsable des d\u00e9cisions prises par les participants pendant ou apr\u00e8s les s\u00e9ances.<\/p>\n\n\n\n<h2 class=\"wp-block-heading has-medium-font-size\"><strong><u>Modification des CGU<\/u><\/strong><\/h2>\n\n\n\n<p>Nous nous r\u00e9servons le droit de modifier les pr\u00e9sentes CGU. Les participants seront inform\u00e9s de toute modification, et leur participation continue aux s\u00e9ances constitue leur acceptation des CGU modifi\u00e9es.<\/p>\n\n\n\n<h2 class=\"wp-block-heading has-medium-font-size\"><strong><u>R\u00e9siliation<\/u><\/strong><\/h2>\n\n\n\n<p>Nous nous r\u00e9servons le droit de refuser ou de r\u00e9silier la participation d&#8217;un individu \u00e0 nos s\u00e9ances en cas de non-respect des CGU.<\/p>\n\n\n\n<h2 class=\"wp-block-heading has-medium-font-size\"><strong><u>Dispositions G\u00e9n\u00e9rales<\/u><\/strong><\/h2>\n\n\n\n<p>Les pr\u00e9sentes CGU sont r\u00e9gies par la l\u00e9gislation en vigueur. Tout litige sera soumis aux juridictions comp\u00e9tentes.<\/p>\n\n\n\n<p>Merci de votre compr\u00e9hension et de respecter ces conditions lors de votre participation \u00e0 nos s\u00e9ances de sophrologie.<\/p>\n","protected":false},"excerpt":{"rendered":"<p>Conditions G\u00e9n\u00e9rales de Vente (CGV) 1. PREAMBULE Les pr\u00e9sentes Conditions G\u00e9n\u00e9rales de Vente d\u00e9finissent les modalit\u00e9s de prestations de services en sophrologie propos\u00e9es par Maria GUILLAUMOT &#8211; SO MG, dont le si\u00e8ge social est situ\u00e9 10 rue Enrico Fermi &#8211; 63540 ROMAGNAT, immatricul\u00e9 sous le num\u00e9ro 984153544, et r\u00e9gissent les relations contractuelles entre le Sophrologue&#8230;<\/p>\n","protected":false},"author":1,"featured_media":0,"parent":0,"menu_order":0,"comment_status":"closed","ping_status":"closed","template":"","meta":{"_kad_post_transparent":"default","_kad_post_title":"hide","_kad_post_layout":"","_kad_post_sidebar_id":"","_kad_post_content_style":"","_kad_post_vertical_padding":"","_kad_post_feature":"","_kad_post_feature_position":"","_kad_post_header":false,"_kad_post_footer":false,"footnotes":""},"class_list":["post-596","page","type-page","status-publish","hentry"],"yoast_head":"<!-- This site is optimized with the Yoast SEO plugin v27.4 - https:\/\/yoast.com\/product\/yoast-seo-wordpress\/ -->\n<title>CGV \/ CGU - Maria Guillaumot<\/title>\n<meta name=\"robots\" content=\"index, follow, max-snippet:-1, max-image-preview:large, max-video-preview:-1\" \/>\n<link rel=\"canonical\" href=\"https:\/\/somg.fr\/index.php\/cgv-cgu\/\" \/>\n<meta property=\"og:locale\" content=\"en_US\" \/>\n<meta property=\"og:type\" content=\"article\" \/>\n<meta property=\"og:title\" content=\"CGV \/ CGU - Maria Guillaumot\" \/>\n<meta property=\"og:description\" content=\"Conditions G\u00e9n\u00e9rales de Vente (CGV) 1. PREAMBULE Les pr\u00e9sentes Conditions G\u00e9n\u00e9rales de Vente d\u00e9finissent les modalit\u00e9s de prestations de services en sophrologie propos\u00e9es par Maria GUILLAUMOT &#8211; SO MG, dont le si\u00e8ge social est situ\u00e9 10 rue Enrico Fermi &#8211; 63540 ROMAGNAT, immatricul\u00e9 sous le num\u00e9ro 984153544, et r\u00e9gissent les relations contractuelles entre le Sophrologue...\" \/>\n<meta property=\"og:url\" content=\"https:\/\/somg.fr\/index.php\/cgv-cgu\/\" \/>\n<meta property=\"og:site_name\" content=\"Maria Guillaumot\" \/>\n<meta property=\"article:publisher\" content=\"https:\/\/www.facebook.com\/profile.php?id=61556253637696\" \/>\n<meta property=\"article:modified_time\" content=\"2024-02-29T14:48:28+00:00\" \/>\n<meta name=\"twitter:card\" content=\"summary_large_image\" \/>\n<meta name=\"twitter:label1\" content=\"Est. reading time\" \/>\n\t<meta name=\"twitter:data1\" content=\"8 minutes\" \/>\n<script type=\"application\/ld+json\" class=\"yoast-schema-graph\">{\"@context\":\"https:\\\/\\\/schema.org\",\"@graph\":[{\"@type\":\"WebPage\",\"@id\":\"https:\\\/\\\/somg.fr\\\/index.php\\\/cgv-cgu\\\/\",\"url\":\"https:\\\/\\\/somg.fr\\\/index.php\\\/cgv-cgu\\\/\",\"name\":\"CGV \\\/ CGU - Maria Guillaumot\",\"isPartOf\":{\"@id\":\"https:\\\/\\\/somg.fr\\\/#website\"},\"datePublished\":\"2024-01-29T11:35:51+00:00\",\"dateModified\":\"2024-02-29T14:48:28+00:00\",\"breadcrumb\":{\"@id\":\"https:\\\/\\\/somg.fr\\\/index.php\\\/cgv-cgu\\\/#breadcrumb\"},\"inLanguage\":\"en-US\",\"potentialAction\":[{\"@type\":\"ReadAction\",\"target\":[\"https:\\\/\\\/somg.fr\\\/index.php\\\/cgv-cgu\\\/\"]}]},{\"@type\":\"BreadcrumbList\",\"@id\":\"https:\\\/\\\/somg.fr\\\/index.php\\\/cgv-cgu\\\/#breadcrumb\",\"itemListElement\":[{\"@type\":\"ListItem\",\"position\":1,\"name\":\"Accueil\",\"item\":\"https:\\\/\\\/somg.fr\\\/\"},{\"@type\":\"ListItem\",\"position\":2,\"name\":\"CGV \\\/ CGU\"}]},{\"@type\":\"WebSite\",\"@id\":\"https:\\\/\\\/somg.fr\\\/#website\",\"url\":\"https:\\\/\\\/somg.fr\\\/\",\"name\":\"So MG\",\"description\":\"Sophrologue \",\"publisher\":{\"@id\":\"https:\\\/\\\/somg.fr\\\/#organization\"},\"alternateName\":\"Sophrologue Maria Guillaumot\",\"potentialAction\":[{\"@type\":\"SearchAction\",\"target\":{\"@type\":\"EntryPoint\",\"urlTemplate\":\"https:\\\/\\\/somg.fr\\\/?s={search_term_string}\"},\"query-input\":{\"@type\":\"PropertyValueSpecification\",\"valueRequired\":true,\"valueName\":\"search_term_string\"}}],\"inLanguage\":\"en-US\"},{\"@type\":\"Organization\",\"@id\":\"https:\\\/\\\/somg.fr\\\/#organization\",\"name\":\"So MG - Maria Guillaumot\",\"url\":\"https:\\\/\\\/somg.fr\\\/\",\"logo\":{\"@type\":\"ImageObject\",\"inLanguage\":\"en-US\",\"@id\":\"https:\\\/\\\/somg.fr\\\/#\\\/schema\\\/logo\\\/image\\\/\",\"url\":\"https:\\\/\\\/somg.fr\\\/wp-content\\\/uploads\\\/2024\\\/02\\\/logo-somg-test-5.png\",\"contentUrl\":\"https:\\\/\\\/somg.fr\\\/wp-content\\\/uploads\\\/2024\\\/02\\\/logo-somg-test-5.png\",\"width\":400,\"height\":400,\"caption\":\"So MG - Maria Guillaumot\"},\"image\":{\"@id\":\"https:\\\/\\\/somg.fr\\\/#\\\/schema\\\/logo\\\/image\\\/\"},\"sameAs\":[\"https:\\\/\\\/www.facebook.com\\\/profile.php?id=61556253637696\"]}]}<\/script>\n<!-- \/ Yoast SEO plugin. -->","yoast_head_json":{"title":"CGV \/ CGU - Maria Guillaumot","robots":{"index":"index","follow":"follow","max-snippet":"max-snippet:-1","max-image-preview":"max-image-preview:large","max-video-preview":"max-video-preview:-1"},"canonical":"https:\/\/somg.fr\/index.php\/cgv-cgu\/","og_locale":"en_US","og_type":"article","og_title":"CGV \/ CGU - Maria Guillaumot","og_description":"Conditions G\u00e9n\u00e9rales de Vente (CGV) 1. PREAMBULE Les pr\u00e9sentes Conditions G\u00e9n\u00e9rales de Vente d\u00e9finissent les modalit\u00e9s de prestations de services en sophrologie propos\u00e9es par Maria GUILLAUMOT &#8211; SO MG, dont le si\u00e8ge social est situ\u00e9 10 rue Enrico Fermi &#8211; 63540 ROMAGNAT, immatricul\u00e9 sous le num\u00e9ro 984153544, et r\u00e9gissent les relations contractuelles entre le Sophrologue...","og_url":"https:\/\/somg.fr\/index.php\/cgv-cgu\/","og_site_name":"Maria Guillaumot","article_publisher":"https:\/\/www.facebook.com\/profile.php?id=61556253637696","article_modified_time":"2024-02-29T14:48:28+00:00","twitter_card":"summary_large_image","twitter_misc":{"Est. reading time":"8 minutes"},"schema":{"@context":"https:\/\/schema.org","@graph":[{"@type":"WebPage","@id":"https:\/\/somg.fr\/index.php\/cgv-cgu\/","url":"https:\/\/somg.fr\/index.php\/cgv-cgu\/","name":"CGV \/ CGU - Maria Guillaumot","isPartOf":{"@id":"https:\/\/somg.fr\/#website"},"datePublished":"2024-01-29T11:35:51+00:00","dateModified":"2024-02-29T14:48:28+00:00","breadcrumb":{"@id":"https:\/\/somg.fr\/index.php\/cgv-cgu\/#breadcrumb"},"inLanguage":"en-US","potentialAction":[{"@type":"ReadAction","target":["https:\/\/somg.fr\/index.php\/cgv-cgu\/"]}]},{"@type":"BreadcrumbList","@id":"https:\/\/somg.fr\/index.php\/cgv-cgu\/#breadcrumb","itemListElement":[{"@type":"ListItem","position":1,"name":"Accueil","item":"https:\/\/somg.fr\/"},{"@type":"ListItem","position":2,"name":"CGV \/ CGU"}]},{"@type":"WebSite","@id":"https:\/\/somg.fr\/#website","url":"https:\/\/somg.fr\/","name":"So MG","description":"Sophrologue ","publisher":{"@id":"https:\/\/somg.fr\/#organization"},"alternateName":"Sophrologue Maria Guillaumot","potentialAction":[{"@type":"SearchAction","target":{"@type":"EntryPoint","urlTemplate":"https:\/\/somg.fr\/?s={search_term_string}"},"query-input":{"@type":"PropertyValueSpecification","valueRequired":true,"valueName":"search_term_string"}}],"inLanguage":"en-US"},{"@type":"Organization","@id":"https:\/\/somg.fr\/#organization","name":"So MG - Maria Guillaumot","url":"https:\/\/somg.fr\/","logo":{"@type":"ImageObject","inLanguage":"en-US","@id":"https:\/\/somg.fr\/#\/schema\/logo\/image\/","url":"https:\/\/somg.fr\/wp-content\/uploads\/2024\/02\/logo-somg-test-5.png","contentUrl":"https:\/\/somg.fr\/wp-content\/uploads\/2024\/02\/logo-somg-test-5.png","width":400,"height":400,"caption":"So MG - Maria Guillaumot"},"image":{"@id":"https:\/\/somg.fr\/#\/schema\/logo\/image\/"},"sameAs":["https:\/\/www.facebook.com\/profile.php?id=61556253637696"]}]}},"_links":{"self":[{"href":"https:\/\/somg.fr\/index.php\/wp-json\/wp\/v2\/pages\/596","targetHints":{"allow":["GET"]}}],"collection":[{"href":"https:\/\/somg.fr\/index.php\/wp-json\/wp\/v2\/pages"}],"about":[{"href":"https:\/\/somg.fr\/index.php\/wp-json\/wp\/v2\/types\/page"}],"author":[{"embeddable":true,"href":"https:\/\/somg.fr\/index.php\/wp-json\/wp\/v2\/users\/1"}],"replies":[{"embeddable":true,"href":"https:\/\/somg.fr\/index.php\/wp-json\/wp\/v2\/comments?post=596"}],"version-history":[{"count":11,"href":"https:\/\/somg.fr\/index.php\/wp-json\/wp\/v2\/pages\/596\/revisions"}],"predecessor-version":[{"id":1046,"href":"https:\/\/somg.fr\/index.php\/wp-json\/wp\/v2\/pages\/596\/revisions\/1046"}],"wp:attachment":[{"href":"https:\/\/somg.fr\/index.php\/wp-json\/wp\/v2\/media?parent=596"}],"curies":[{"name":"wp","href":"https:\/\/api.w.org\/{rel}","templated":true}]}}