{"id":47,"date":"2024-01-02T11:52:17","date_gmt":"2024-01-02T10:52:17","guid":{"rendered":"https:\/\/somg.fr\/?page_id=47"},"modified":"2024-02-28T15:18:05","modified_gmt":"2024-02-28T14:18:05","slug":"entreprise-association-sophrologie","status":"publish","type":"page","link":"https:\/\/somg.fr\/index.php\/entreprise-association-sophrologie\/","title":{"rendered":"Entreprise \/ Association"},"content":{"rendered":"\n<div class=\"wp-block-cover is-light block-citation has-medium-font-size\" style=\"min-height:200px;aspect-ratio:unset;\"><span aria-hidden=\"true\" class=\"wp-block-cover__background has-background-dim-20 has-background-dim\"><\/span><img loading=\"lazy\" decoding=\"async\" width=\"1080\" height=\"1080\" class=\"wp-block-cover__image-background wp-image-364\" alt=\"entreprise, association, sophrologie, sophrologue\" src=\"https:\/\/somg.fr\/wp-content\/uploads\/2024\/01\/Design-sans-titre-7.png\" style=\"object-position:63% 48%\" data-object-fit=\"cover\" data-object-position=\"63% 48%\" srcset=\"https:\/\/somg.fr\/wp-content\/uploads\/2024\/01\/Design-sans-titre-7.png 1080w, https:\/\/somg.fr\/wp-content\/uploads\/2024\/01\/Design-sans-titre-7-300x300.png 300w, https:\/\/somg.fr\/wp-content\/uploads\/2024\/01\/Design-sans-titre-7-1024x1024.png 1024w, https:\/\/somg.fr\/wp-content\/uploads\/2024\/01\/Design-sans-titre-7-150x150.png 150w, https:\/\/somg.fr\/wp-content\/uploads\/2024\/01\/Design-sans-titre-7-768x768.png 768w\" sizes=\"auto, (max-width: 1080px) 100vw, 1080px\" \/><div class=\"wp-block-cover__inner-container is-layout-constrained wp-block-cover-is-layout-constrained\">\n<p class=\"has-text-align-center citation has-theme-palette-9-color has-text-color has-link-color has-medium-font-size wp-elements-d2ed3021e6458657b26baa733c68c150\">&#8220;Le stress ne doit pas \u00eatre une r\u00e9action automatique \u00e0 des situations difficiles, <br>C&#8217;est une question de choix sur la mani\u00e8re dont nous r\u00e9agissons aux d\u00e9fis.&#8221; . <\/p>\n\n\n\n<p class=\"has-text-align-center auteur has-theme-palette-1-color has-text-color has-link-color has-medium-font-size wp-elements-a7c1b46402a2a8b8228caa4d9e5dd995\">William James<\/p>\n<\/div><\/div>\n\n\n\n<p class=\"has-text-align-left\">La cl\u00e9 du succ\u00e8s r\u00e9side dans un <strong>\u00e9quilibre <\/strong>harmonieux entre <strong>le bien-\u00eatre, la coh\u00e9sion<\/strong> d&#8217;\u00e9quipe et la <strong>concentration <\/strong>pour \u00eatre plus productif au sein de l&#8217;environnement professionnel. <\/p>\n\n\n\n<p class=\"has-text-align-left\">En tant que <strong>sp\u00e9cialiste du bien-\u00eatre au travail<\/strong>, je m&#8217;engage \u00e0 guider votre entreprise vers une<strong> transformation positive, <\/strong>pla\u00e7ant les individus au c\u0153ur de cette d\u00e9marche.<\/p>\n\n\n\n<div class=\"wp-block-columns is-layout-flex wp-container-core-columns-is-layout-9d6595d7 wp-block-columns-is-layout-flex\">\n<div class=\"wp-block-column is-layout-flow wp-block-column-is-layout-flow\">\n<h3 class=\"wp-block-heading has-text-align-center\">Gestion du Stress<\/h3>\n\n\n\n<p class=\"has-text-align-left\">Le stress, un<strong> d\u00e9fi universel<\/strong> dans le monde professionnel, il <strong>entraver la performance<\/strong> et le bien-\u00eatre de vos employ\u00e9s. <\/p>\n\n\n\n<p class=\"has-text-align-left\">L&#8217;accompagnement, int\u00e8gre <strong>des techniques<\/strong> de gestion \u00e9motionnelle, <strong>des pratiques<\/strong> de pleine conscience et <strong>des strat\u00e9gies<\/strong> personnalis\u00e9es. <\/p>\n\n\n\n<p class=\"has-text-align-left\">L&#8217;objectif est d&#8217;apporter des <strong>solutions pratiques et durables<\/strong>, permettant \u00e0 vos collaborateurs de <strong>g\u00e9rer <\/strong>efficacement les pressions professionnelles, de cultiver la r\u00e9silience et de<strong> transformer le stress en une force motivante<\/strong>.<\/p>\n\n\n\n<p class=\"has-text-align-left\"><strong>Ensemble<\/strong>, nous d\u00e9velopperons des <strong>strat\u00e9gies <\/strong>pour aider <strong>vos collaborateurs<\/strong> \u00e0 naviguer avec confiance \u00e0 travers leurs <strong>d\u00e9fis professionnels<\/strong>, favorisant un environnement o\u00f9<strong> le stress est compris, g\u00e9r\u00e9 et transform\u00e9 en \u00e9nergie positive<\/strong>.<\/p>\n<\/div>\n\n\n\n<div class=\"wp-block-column is-layout-flow wp-block-column-is-layout-flow\">\n<h3 class=\"wp-block-heading has-text-align-center\" style=\"text-transform:capitalize\">Coh\u00e9sion d&#8217;\u00e9quipe<\/h3>\n\n\n\n<p class=\"has-text-align-left\">Le <strong>succ\u00e8s <\/strong>durable d&#8217;une entreprise repose sur<strong> <\/strong>la<strong> force de son \u00e9quipe<\/strong>.<\/p>\n\n\n\n<p class=\"has-text-align-left\">L&#8217;accompagnement, int\u00e8gre des techniques de renforcement d&#8217;\u00e9quipe vont au-del\u00e0 des simples exercices pour <strong>cr\u00e9er des exp\u00e9riences significatives<\/strong> favorisant la communication, la <strong>confiance <\/strong>et la <strong>collaboration<\/strong>. <\/p>\n\n\n\n<p class=\"has-text-align-left\">L&#8217;objectif est de <strong>construire un environnement<\/strong> o\u00f9 chaque membre de votre \u00e9quipe <strong>se sentira valoris\u00e9, motiv\u00e9 et pleinement engag\u00e9.<\/strong> <\/p>\n\n\n\n<p class=\"has-text-align-left\">Cela s&#8217;inscrit dans <strong>une vision de coh\u00e9sion d&#8217;\u00e9quipe<\/strong> qui transcende les objectifs individuels pour <strong>cr\u00e9er une culture d&#8217;entreprise<\/strong> dynamique et unifi\u00e9e.<\/p>\n<\/div>\n\n\n\n<div class=\"wp-block-column is-layout-flow wp-block-column-is-layout-flow\">\n<h3 class=\"wp-block-heading has-text-align-center\">Am\u00e9lioration de la concentration<\/h3>\n\n\n\n<p class=\"has-text-align-left\">L&#8217;<strong>efficacit\u00e9 op\u00e9rationnelle<\/strong> est un \u00e9l\u00e9ment <strong>vital <\/strong>dans la croissance et la r\u00e9ussite d&#8217;une entreprise. <\/p>\n\n\n\n<p class=\"has-text-align-left\">L&#8217;accompagnement visent \u00e0 <strong>aider vos collaborateurs<\/strong> \u00e0 affiner leur <strong>concentration<\/strong>, \u00e0 <strong>\u00e9liminer les distractions <\/strong>et \u00e0 maximiser leur <strong>efficacit\u00e9 au travail<\/strong>.<\/p>\n\n\n\n<p class=\"has-text-align-left\">L&#8217;objectif est de cr\u00e9er un <strong>environnement <\/strong>propice \u00e0 une<strong> concentration profonde et durable<\/strong>.<\/p>\n\n\n\n<p class=\"has-text-align-left\">Ensemble, nous explorerons des <strong>m\u00e9thodes innovantes<\/strong> pour <strong>optimiser <\/strong>la concentration individuelle et collective, cr\u00e9ant ainsi un environnement propice aux<strong> performances individuelles et collectives<\/strong>.<\/p>\n<\/div>\n<\/div>\n\n\n\n<div class=\"wp-block-buttons is-content-justification-center is-layout-flex wp-container-core-buttons-is-layout-16018d1d wp-block-buttons-is-layout-flex\">\n<div class=\"wp-block-button\"><a class=\"wp-block-button__link wp-element-button\" href=\"https:\/\/somg.fr\/index.php\/contact\/\">CONTACT<\/a><\/div>\n<\/div>\n","protected":false},"excerpt":{"rendered":"<p>La cl\u00e9 du succ\u00e8s r\u00e9side dans un \u00e9quilibre harmonieux entre le bien-\u00eatre, la coh\u00e9sion d&#8217;\u00e9quipe et la concentration pour \u00eatre plus productif au sein de l&#8217;environnement professionnel. En tant que sp\u00e9cialiste du bien-\u00eatre au travail, je m&#8217;engage \u00e0 guider votre entreprise vers une transformation positive, pla\u00e7ant les individus au c\u0153ur de cette d\u00e9marche. Gestion du&#8230;<\/p>\n","protected":false},"author":1,"featured_media":0,"parent":0,"menu_order":0,"comment_status":"closed","ping_status":"closed","template":"","meta":{"_kad_post_transparent":"default","_kad_post_title":"hide","_kad_post_layout":"","_kad_post_sidebar_id":"","_kad_post_content_style":"","_kad_post_vertical_padding":"","_kad_post_feature":"","_kad_post_feature_position":"","_kad_post_header":false,"_kad_post_footer":false,"footnotes":""},"class_list":["post-47","page","type-page","status-publish","hentry"],"yoast_head":"<!-- This site is optimized with the Yoast SEO plugin v27.4 - https:\/\/yoast.com\/product\/yoast-seo-wordpress\/ -->\n<title>Entreprise \/ Association - Maria Guillaumot<\/title>\n<meta name=\"description\" content=\"J&#039;accompagne les personnalit\u00e9s de votre entreprise \/ association vers un bien-\u00eatre global avec la sophrologie.\" \/>\n<meta name=\"robots\" content=\"index, follow, max-snippet:-1, max-image-preview:large, max-video-preview:-1\" \/>\n<link rel=\"canonical\" href=\"https:\/\/somg.fr\/index.php\/entreprise-association-sophrologie\/\" \/>\n<meta property=\"og:locale\" content=\"en_US\" \/>\n<meta property=\"og:type\" content=\"article\" \/>\n<meta property=\"og:title\" content=\"Entreprise \/ Association - Maria Guillaumot\" \/>\n<meta property=\"og:description\" content=\"J&#039;accompagne les personnalit\u00e9s de votre entreprise \/ association vers un bien-\u00eatre global avec la sophrologie.\" \/>\n<meta property=\"og:url\" content=\"https:\/\/somg.fr\/index.php\/entreprise-association-sophrologie\/\" \/>\n<meta property=\"og:site_name\" content=\"Maria Guillaumot\" \/>\n<meta property=\"article:publisher\" content=\"https:\/\/www.facebook.com\/profile.php?id=61556253637696\" \/>\n<meta property=\"article:modified_time\" content=\"2024-02-28T14:18:05+00:00\" \/>\n<meta property=\"og:image\" content=\"https:\/\/somg.fr\/wp-content\/uploads\/2024\/01\/Design-sans-titre-7.png\" \/>\n<meta name=\"twitter:card\" content=\"summary_large_image\" \/>\n<meta name=\"twitter:label1\" content=\"Est. reading time\" \/>\n\t<meta name=\"twitter:data1\" content=\"2 minutes\" \/>\n<script type=\"application\/ld+json\" class=\"yoast-schema-graph\">{\"@context\":\"https:\\\/\\\/schema.org\",\"@graph\":[{\"@type\":\"WebPage\",\"@id\":\"https:\\\/\\\/somg.fr\\\/index.php\\\/entreprise-association-sophrologie\\\/\",\"url\":\"https:\\\/\\\/somg.fr\\\/index.php\\\/entreprise-association-sophrologie\\\/\",\"name\":\"Entreprise \\\/ Association - Maria Guillaumot\",\"isPartOf\":{\"@id\":\"https:\\\/\\\/somg.fr\\\/#website\"},\"primaryImageOfPage\":{\"@id\":\"https:\\\/\\\/somg.fr\\\/index.php\\\/entreprise-association-sophrologie\\\/#primaryimage\"},\"image\":{\"@id\":\"https:\\\/\\\/somg.fr\\\/index.php\\\/entreprise-association-sophrologie\\\/#primaryimage\"},\"thumbnailUrl\":\"https:\\\/\\\/somg.fr\\\/wp-content\\\/uploads\\\/2024\\\/01\\\/Design-sans-titre-7.png\",\"datePublished\":\"2024-01-02T10:52:17+00:00\",\"dateModified\":\"2024-02-28T14:18:05+00:00\",\"description\":\"J'accompagne les personnalit\u00e9s de votre entreprise \\\/ association vers un bien-\u00eatre global avec la sophrologie.\",\"breadcrumb\":{\"@id\":\"https:\\\/\\\/somg.fr\\\/index.php\\\/entreprise-association-sophrologie\\\/#breadcrumb\"},\"inLanguage\":\"en-US\",\"potentialAction\":[{\"@type\":\"ReadAction\",\"target\":[\"https:\\\/\\\/somg.fr\\\/index.php\\\/entreprise-association-sophrologie\\\/\"]}]},{\"@type\":\"ImageObject\",\"inLanguage\":\"en-US\",\"@id\":\"https:\\\/\\\/somg.fr\\\/index.php\\\/entreprise-association-sophrologie\\\/#primaryimage\",\"url\":\"https:\\\/\\\/somg.fr\\\/wp-content\\\/uploads\\\/2024\\\/01\\\/Design-sans-titre-7.png\",\"contentUrl\":\"https:\\\/\\\/somg.fr\\\/wp-content\\\/uploads\\\/2024\\\/01\\\/Design-sans-titre-7.png\",\"width\":1080,\"height\":1080},{\"@type\":\"BreadcrumbList\",\"@id\":\"https:\\\/\\\/somg.fr\\\/index.php\\\/entreprise-association-sophrologie\\\/#breadcrumb\",\"itemListElement\":[{\"@type\":\"ListItem\",\"position\":1,\"name\":\"Accueil\",\"item\":\"https:\\\/\\\/somg.fr\\\/\"},{\"@type\":\"ListItem\",\"position\":2,\"name\":\"Entreprise \\\/ Association\"}]},{\"@type\":\"WebSite\",\"@id\":\"https:\\\/\\\/somg.fr\\\/#website\",\"url\":\"https:\\\/\\\/somg.fr\\\/\",\"name\":\"So MG\",\"description\":\"Sophrologue \",\"publisher\":{\"@id\":\"https:\\\/\\\/somg.fr\\\/#organization\"},\"alternateName\":\"Sophrologue Maria Guillaumot\",\"potentialAction\":[{\"@type\":\"SearchAction\",\"target\":{\"@type\":\"EntryPoint\",\"urlTemplate\":\"https:\\\/\\\/somg.fr\\\/?s={search_term_string}\"},\"query-input\":{\"@type\":\"PropertyValueSpecification\",\"valueRequired\":true,\"valueName\":\"search_term_string\"}}],\"inLanguage\":\"en-US\"},{\"@type\":\"Organization\",\"@id\":\"https:\\\/\\\/somg.fr\\\/#organization\",\"name\":\"So MG - Maria Guillaumot\",\"url\":\"https:\\\/\\\/somg.fr\\\/\",\"logo\":{\"@type\":\"ImageObject\",\"inLanguage\":\"en-US\",\"@id\":\"https:\\\/\\\/somg.fr\\\/#\\\/schema\\\/logo\\\/image\\\/\",\"url\":\"https:\\\/\\\/somg.fr\\\/wp-content\\\/uploads\\\/2024\\\/02\\\/logo-somg-test-5.png\",\"contentUrl\":\"https:\\\/\\\/somg.fr\\\/wp-content\\\/uploads\\\/2024\\\/02\\\/logo-somg-test-5.png\",\"width\":400,\"height\":400,\"caption\":\"So MG - Maria Guillaumot\"},\"image\":{\"@id\":\"https:\\\/\\\/somg.fr\\\/#\\\/schema\\\/logo\\\/image\\\/\"},\"sameAs\":[\"https:\\\/\\\/www.facebook.com\\\/profile.php?id=61556253637696\"]}]}<\/script>\n<!-- \/ Yoast SEO plugin. -->","yoast_head_json":{"title":"Entreprise \/ Association - Maria Guillaumot","description":"J'accompagne les personnalit\u00e9s de votre entreprise \/ association vers un bien-\u00eatre global avec la sophrologie.","robots":{"index":"index","follow":"follow","max-snippet":"max-snippet:-1","max-image-preview":"max-image-preview:large","max-video-preview":"max-video-preview:-1"},"canonical":"https:\/\/somg.fr\/index.php\/entreprise-association-sophrologie\/","og_locale":"en_US","og_type":"article","og_title":"Entreprise \/ Association - Maria Guillaumot","og_description":"J'accompagne les personnalit\u00e9s de votre entreprise \/ association vers un bien-\u00eatre global avec la sophrologie.","og_url":"https:\/\/somg.fr\/index.php\/entreprise-association-sophrologie\/","og_site_name":"Maria Guillaumot","article_publisher":"https:\/\/www.facebook.com\/profile.php?id=61556253637696","article_modified_time":"2024-02-28T14:18:05+00:00","og_image":[{"url":"https:\/\/somg.fr\/wp-content\/uploads\/2024\/01\/Design-sans-titre-7.png","type":"","width":"","height":""}],"twitter_card":"summary_large_image","twitter_misc":{"Est. reading time":"2 minutes"},"schema":{"@context":"https:\/\/schema.org","@graph":[{"@type":"WebPage","@id":"https:\/\/somg.fr\/index.php\/entreprise-association-sophrologie\/","url":"https:\/\/somg.fr\/index.php\/entreprise-association-sophrologie\/","name":"Entreprise \/ Association - Maria Guillaumot","isPartOf":{"@id":"https:\/\/somg.fr\/#website"},"primaryImageOfPage":{"@id":"https:\/\/somg.fr\/index.php\/entreprise-association-sophrologie\/#primaryimage"},"image":{"@id":"https:\/\/somg.fr\/index.php\/entreprise-association-sophrologie\/#primaryimage"},"thumbnailUrl":"https:\/\/somg.fr\/wp-content\/uploads\/2024\/01\/Design-sans-titre-7.png","datePublished":"2024-01-02T10:52:17+00:00","dateModified":"2024-02-28T14:18:05+00:00","description":"J'accompagne les personnalit\u00e9s de votre entreprise \/ association vers un bien-\u00eatre global avec la sophrologie.","breadcrumb":{"@id":"https:\/\/somg.fr\/index.php\/entreprise-association-sophrologie\/#breadcrumb"},"inLanguage":"en-US","potentialAction":[{"@type":"ReadAction","target":["https:\/\/somg.fr\/index.php\/entreprise-association-sophrologie\/"]}]},{"@type":"ImageObject","inLanguage":"en-US","@id":"https:\/\/somg.fr\/index.php\/entreprise-association-sophrologie\/#primaryimage","url":"https:\/\/somg.fr\/wp-content\/uploads\/2024\/01\/Design-sans-titre-7.png","contentUrl":"https:\/\/somg.fr\/wp-content\/uploads\/2024\/01\/Design-sans-titre-7.png","width":1080,"height":1080},{"@type":"BreadcrumbList","@id":"https:\/\/somg.fr\/index.php\/entreprise-association-sophrologie\/#breadcrumb","itemListElement":[{"@type":"ListItem","position":1,"name":"Accueil","item":"https:\/\/somg.fr\/"},{"@type":"ListItem","position":2,"name":"Entreprise \/ Association"}]},{"@type":"WebSite","@id":"https:\/\/somg.fr\/#website","url":"https:\/\/somg.fr\/","name":"So MG","description":"Sophrologue ","publisher":{"@id":"https:\/\/somg.fr\/#organization"},"alternateName":"Sophrologue Maria Guillaumot","potentialAction":[{"@type":"SearchAction","target":{"@type":"EntryPoint","urlTemplate":"https:\/\/somg.fr\/?s={search_term_string}"},"query-input":{"@type":"PropertyValueSpecification","valueRequired":true,"valueName":"search_term_string"}}],"inLanguage":"en-US"},{"@type":"Organization","@id":"https:\/\/somg.fr\/#organization","name":"So MG - Maria Guillaumot","url":"https:\/\/somg.fr\/","logo":{"@type":"ImageObject","inLanguage":"en-US","@id":"https:\/\/somg.fr\/#\/schema\/logo\/image\/","url":"https:\/\/somg.fr\/wp-content\/uploads\/2024\/02\/logo-somg-test-5.png","contentUrl":"https:\/\/somg.fr\/wp-content\/uploads\/2024\/02\/logo-somg-test-5.png","width":400,"height":400,"caption":"So MG - Maria Guillaumot"},"image":{"@id":"https:\/\/somg.fr\/#\/schema\/logo\/image\/"},"sameAs":["https:\/\/www.facebook.com\/profile.php?id=61556253637696"]}]}},"_links":{"self":[{"href":"https:\/\/somg.fr\/index.php\/wp-json\/wp\/v2\/pages\/47","targetHints":{"allow":["GET"]}}],"collection":[{"href":"https:\/\/somg.fr\/index.php\/wp-json\/wp\/v2\/pages"}],"about":[{"href":"https:\/\/somg.fr\/index.php\/wp-json\/wp\/v2\/types\/page"}],"author":[{"embeddable":true,"href":"https:\/\/somg.fr\/index.php\/wp-json\/wp\/v2\/users\/1"}],"replies":[{"embeddable":true,"href":"https:\/\/somg.fr\/index.php\/wp-json\/wp\/v2\/comments?post=47"}],"version-history":[{"count":18,"href":"https:\/\/somg.fr\/index.php\/wp-json\/wp\/v2\/pages\/47\/revisions"}],"predecessor-version":[{"id":896,"href":"https:\/\/somg.fr\/index.php\/wp-json\/wp\/v2\/pages\/47\/revisions\/896"}],"wp:attachment":[{"href":"https:\/\/somg.fr\/index.php\/wp-json\/wp\/v2\/media?parent=47"}],"curies":[{"name":"wp","href":"https:\/\/api.w.org\/{rel}","templated":true}]}}