{"id":19,"date":"2024-01-01T20:38:31","date_gmt":"2024-01-01T19:38:31","guid":{"rendered":"https:\/\/somg.fr\/?page_id=19"},"modified":"2024-02-29T15:28:55","modified_gmt":"2024-02-29T14:28:55","slug":"transition-genre-sophrologie","status":"publish","type":"page","link":"https:\/\/somg.fr\/index.php\/transition-genre-sophrologie\/","title":{"rendered":"Transition genre"},"content":{"rendered":"\n<div class=\"wp-block-cover block-citation\" style=\"min-height:200px;aspect-ratio:unset;\"><span aria-hidden=\"true\" class=\"wp-block-cover__background has-background-dim\"><\/span><img loading=\"lazy\" decoding=\"async\" width=\"2560\" height=\"1707\" class=\"wp-block-cover__image-background wp-image-252\" alt=\"transition de genre, sophrologie, sophrologue\" src=\"https:\/\/somg.fr\/wp-content\/uploads\/2024\/01\/pexels-cottonbro-studio-6487412-scaled.jpg\" style=\"object-position:48% 38%\" data-object-fit=\"cover\" data-object-position=\"48% 38%\" srcset=\"https:\/\/somg.fr\/wp-content\/uploads\/2024\/01\/pexels-cottonbro-studio-6487412-scaled.jpg 2560w, https:\/\/somg.fr\/wp-content\/uploads\/2024\/01\/pexels-cottonbro-studio-6487412-300x200.jpg 300w, https:\/\/somg.fr\/wp-content\/uploads\/2024\/01\/pexels-cottonbro-studio-6487412-1024x683.jpg 1024w, https:\/\/somg.fr\/wp-content\/uploads\/2024\/01\/pexels-cottonbro-studio-6487412-768x512.jpg 768w, https:\/\/somg.fr\/wp-content\/uploads\/2024\/01\/pexels-cottonbro-studio-6487412-1536x1024.jpg 1536w, https:\/\/somg.fr\/wp-content\/uploads\/2024\/01\/pexels-cottonbro-studio-6487412-2048x1365.jpg 2048w\" sizes=\"auto, (max-width: 2560px) 100vw, 2560px\" \/><div class=\"wp-block-cover__inner-container is-layout-constrained wp-block-cover-is-layout-constrained\">\n<p class=\"has-text-align-center citation has-theme-palette-7-color has-text-color has-link-color has-medium-font-size wp-elements-6c700b392080da44f84f6298cd92317e\" id=\"block-89cee6fd-48e8-443d-88f8-878ff8f36f31\">&#8220;Le changement s&#8217;op\u00e8re lorsque quelqu&#8217;un devient ce qu&#8217;il est, pas quand il essaie de devenir ce qu&#8217;il n&#8217;est pas.&#8221;<\/p>\n\n\n\n<p class=\"has-text-align-center auteur has-theme-palette-4-color has-text-color has-link-color has-medium-font-size wp-elements-9430102bb131de179a8a0bb50b5405e1\" id=\"block-89cee6fd-48e8-443d-88f8-878ff8f36f31\">Carl Rogers<\/p>\n<\/div><\/div>\n\n\n\n<h1 class=\"wp-block-heading has-text-align-center\"><strong>Naviguer avec Confiance et S\u00e9r\u00e9nit\u00e9<\/strong><\/h1>\n\n\n\n<p>Si vous \u00eates en plein parcours de transition de genre, vous savez que <strong>chaque \u00e9tape<\/strong> de ce voyage peut \u00eatre accompagn\u00e9e de <strong>d\u00e9fi uniques<\/strong>. <br><strong>Vous n&#8217;\u00eates pas seul(e) dans cette d\u00e9marche,<\/strong> et il est essentiel de reconna\u00eetre et <strong>d&#8217;honorer <\/strong>les complexit\u00e9s \u00e9motionnelles, physiques et sociales que vous rencontrez. <br>Durant ce cheminement, <strong>accordez-vous le temps<\/strong> et l&#8217;espace <strong>n\u00e9cessaires <\/strong>pour explorer votre identit\u00e9 avec bienveillance, sachant que c<strong>haque \u00e9tape est significative<\/strong>, et <strong>contribue \u00e0 fa\u00e7onner <\/strong>l&#8217;avenir qui permet <strong>\u00e0  votre authenticit\u00e9 de s&#8217;\u00e9panouir<\/strong>.<br><strong>Vous m\u00e9ritez un soutien continu<\/strong>, et n&#8217;oubliez pas que votre histoire,<strong> unique et pr\u00e9cieuse<\/strong>, m\u00e9rite d&#8217;\u00eatre honor\u00e9e et <strong>respect\u00e9<\/strong>.<\/p>\n\n\n\n<h2 class=\"wp-block-heading has-text-align-center\"><strong>La Sophrologie Vous Accompagne pendant votre transition<\/strong> de genre<\/h2>\n\n\n\n<div class=\"wp-block-columns is-layout-flex wp-container-core-columns-is-layout-9d6595d7 wp-block-columns-is-layout-flex\">\n<div class=\"wp-block-column is-layout-flow wp-block-column-is-layout-flow\">\n<h3 class=\"wp-block-heading has-text-align-center\">Affirmer Votre Identit\u00e9<\/h3>\n\n\n\n<ul class=\"wp-block-list\">\n<li>Ouvrez la porte \u00e0 une exploration profonde de <strong>qui vous \u00eates r\u00e9ellement<\/strong>, en <strong>affirmant votre identit\u00e9 <\/strong>au cours de votre processus de transition de genre<strong>. <\/strong><\/li>\n\n\n\n<li>En reconnaissant et en c\u00e9l\u00e9brant votre <strong>authenticit\u00e9<\/strong>, vous permettez \u00e0 votre <strong>bien-\u00eatre \u00e9motionne<\/strong>l de <strong>s&#8217;\u00e9panouir<\/strong>, offrant ainsi une <strong>base solide<\/strong> pour la construction d&#8217;une <strong>vie align\u00e9e sur votre v\u00e9ritable moi<\/strong>. <\/li>\n\n\n\n<li><strong>Vous m\u00e9ritez<\/strong> le respect et le soutien dans votre <strong>d\u00e9marche courageuse<\/strong>. Chaque \u00e9tape de cette <strong>affirmation personnelle<\/strong> contribue \u00e0 cr\u00e9er un environnement afin de vous <strong>\u00e9panouir pleinement<\/strong>. <\/li>\n\n\n\n<li>Sachez que <strong>votre identit\u00e9<\/strong>, authentique et pr\u00e9cieuse,<strong> a le pouvoir d&#8217;inspirer <\/strong>et de contribuer \u00e0 la diversit\u00e9 et \u00e0 <strong>l&#8217;inclusivit\u00e9<\/strong>.<\/li>\n<\/ul>\n<\/div>\n\n\n\n<div class=\"wp-block-column is-layout-flow wp-block-column-is-layout-flow\">\n<h3 class=\"wp-block-heading has-text-align-center\">Vous accepter<\/h3>\n\n\n\n<ul class=\"wp-block-list\">\n<li>En cr\u00e9ant une <strong>connexion authentique <\/strong>avec vous-m\u00eame, vous <strong>acceptez chaque \u00e9tape<\/strong> de votre transition. <\/li>\n\n\n\n<li>Cette <strong>acceptation <\/strong>devient le <strong>socle <\/strong>sur lequel construire une <strong>confiance en vous<\/strong> solide, une <strong>paix int\u00e9rieure<\/strong>. Vous renforcez votre <strong>r\u00e9silience face aux d\u00e9fis. <\/strong><\/li>\n\n\n\n<li>Vous <strong>forgez un chemin <\/strong>vers un avenir o\u00f9 votre <strong>authenticit\u00e9 <\/strong>peut non seulement <strong>s&#8217;\u00e9panouir<\/strong>, mais \u00e9galement<strong> inspirer et enrichir <\/strong>votre exp\u00e9rience de vie. <\/li>\n\n\n\n<li><strong>Vous m\u00e9ritez <\/strong>de vivre <strong>une existence<\/strong> o\u00f9 votre<strong> identit\u00e9 unique<\/strong> est c\u00e9l\u00e9br\u00e9e et <strong>respect\u00e9e<\/strong>.<\/li>\n<\/ul>\n<\/div>\n<\/div>\n\n\n\n<div class=\"wp-block-columns is-layout-flex wp-container-core-columns-is-layout-9d6595d7 wp-block-columns-is-layout-flex\">\n<div class=\"wp-block-column is-layout-flow wp-block-column-is-layout-flow\">\n<h3 class=\"wp-block-heading has-text-align-center\">Renforcer votre confiance en vous<\/h3>\n\n\n\n<ul class=\"wp-block-list\">\n<li>En <strong>renfor\u00e7ant <\/strong>votre <strong>confiance en vous<\/strong>, vous \u00e9rigez un<strong> pilier essentiel<\/strong> pour votre <strong>bien-\u00eatre<\/strong> \u00e9motionnel et social. <\/li>\n\n\n\n<li><strong>Chaque \u00e9tape<\/strong> que vous franchissez dans la consolidation de cette confiance contribue \u00e0 <strong>b\u00e2tir une fondation solide<\/strong>, vous permettant de <strong>faire face aux d\u00e9fis<\/strong> avec r\u00e9silience et <strong>d&#8217;embrasser votre identit\u00e9 authentique<\/strong>. <\/li>\n\n\n\n<li>Une confiance en vous <strong>renforc\u00e9e <\/strong>vous<strong> ouvre des portes <\/strong>vers des relations plus \u00e9panouissantes et vous donne <strong>la force<\/strong> de d\u00e9fendre <strong>fi\u00e8rement <\/strong>votre v\u00e9rit\u00e9 int\u00e9rieure. <\/li>\n\n\n\n<li><strong>Vous m\u00e9ritez de vivre une vie<\/strong> o\u00f9 votre confiance en vous est <strong>le moteur <\/strong>qui propulse votre <strong>\u00e9panouissement personnel<\/strong>.<\/li>\n<\/ul>\n<\/div>\n\n\n\n<div class=\"wp-block-column is-layout-flow wp-block-column-is-layout-flow\">\n<h3 class=\"wp-block-heading has-text-align-center\">Trouver votre \u00e9quilibre psycho-corporel <\/h3>\n\n\n\n<ul class=\"wp-block-list\">\n<li>En <strong>trouvant votre \u00e9quilibre<\/strong> psycho-corporel, vous cr\u00e9ez un<strong> terrain propice<\/strong> pour vous sentir<strong> en phase <\/strong>durant tout votre parcours de transition.<\/li>\n\n\n\n<li>Cette exploration attentive favorise une <strong>compr\u00e9hension<\/strong> plus profonde de votre corps, contribuant ainsi \u00e0 une meilleure <strong>acceptation et int\u00e9gration<\/strong> de votre identit\u00e9.<\/li>\n\n\n\n<li>Cet \u00e9quilibre psycho-corporel devient alors une <strong>cl\u00e9 essentielle <\/strong>pour <strong>vivre pleinement<\/strong> et en toute <strong>authenticit\u00e9 <\/strong>chaque \u00e9tape de votre parcours. <\/li>\n\n\n\n<li>Vous m\u00e9ritez un <strong>espace int\u00e9rieur<\/strong> o\u00f9 l&#8217;harmonie entre votre corps et votre esprit \u00e9claire votre chemin vers <strong>une identit\u00e9 \u00e9panouissante<\/strong>.<\/li>\n<\/ul>\n<\/div>\n<\/div>\n\n\n\n<h2 class=\"wp-block-heading has-text-align-center\">Conclusion<\/h2>\n\n\n\n<p><strong>Rappelez-vous que votre parcours de transition est une aventure unique et courageuse<\/strong>. <\/p>\n\n\n\n<p><strong>Cr\u00e9ez un socle solide<\/strong> en cultivant une acceptation profonde de vous et en renfor\u00e7ant votre confiance.<br><strong>L&#8217;\u00e9quilibre <\/strong>psycho-corporel que vous recherchez devient une <strong>source pr\u00e9cieuse<\/strong>. Celle de stabilit\u00e9 \u00e9motionnelle. Elle vous guide vers une <strong>harmonie <\/strong>entre votre identit\u00e9 et votre <strong>bien-\u00eatre<\/strong>. <br><strong>Chaque \u00e9tape<\/strong> de cette exploration contribue \u00e0 fa\u00e7onner <strong>votre propre histoire.<\/strong> Celle-ci doit \u00eatre pleine de <strong>fiert\u00e9<\/strong>. <br>Car <strong>chaque instant de votre cheminement m\u00e9rite d&#8217;\u00eatre honor\u00e9<\/strong>, il est important de vous accordant la <strong>bienveillance <\/strong>et le temps n\u00e9cessaire.<br><strong>Vous m\u00e9ritez <\/strong>de vivre dans la pl\u00e9nitude d&#8217;une<strong> identit\u00e9 \u00e9panouissante<\/strong>, \u00e9clair\u00e9e par la compr\u00e9hension profonde de votre corps et de votre esprit.<\/p>\n\n\n\n<div class=\"wp-block-buttons is-content-justification-center is-layout-flex wp-container-core-buttons-is-layout-16018d1d wp-block-buttons-is-layout-flex\">\n<div class=\"wp-block-button has-custom-width wp-block-button__width-25\"><a class=\"wp-block-button__link wp-element-button\" href=\"https:\/\/somg.fr\/index.php\/contact\/\">CONTATCT<\/a><\/div>\n<\/div>\n","protected":false},"excerpt":{"rendered":"<p>Naviguer avec Confiance et S\u00e9r\u00e9nit\u00e9 Si vous \u00eates en plein parcours de transition de genre, vous savez que chaque \u00e9tape de ce voyage peut \u00eatre accompagn\u00e9e de d\u00e9fi uniques. Vous n&#8217;\u00eates pas seul(e) dans cette d\u00e9marche, et il est essentiel de reconna\u00eetre et d&#8217;honorer les complexit\u00e9s \u00e9motionnelles, physiques et sociales que vous rencontrez. Durant ce&#8230;<\/p>\n","protected":false},"author":1,"featured_media":0,"parent":0,"menu_order":0,"comment_status":"closed","ping_status":"closed","template":"","meta":{"_kad_post_transparent":"","_kad_post_title":"hide","_kad_post_layout":"","_kad_post_sidebar_id":"","_kad_post_content_style":"","_kad_post_vertical_padding":"","_kad_post_feature":"","_kad_post_feature_position":"","_kad_post_header":false,"_kad_post_footer":false,"footnotes":""},"class_list":["post-19","page","type-page","status-publish","hentry"],"yoast_head":"<!-- This site is optimized with the Yoast SEO plugin v27.4 - https:\/\/yoast.com\/product\/yoast-seo-wordpress\/ -->\n<title>Transition genre - Maria Guillaumot<\/title>\n<meta name=\"description\" content=\"Votre transition de genre est un parcours complexe, la sophrologie vous accompagne \u00e0 chaque \u00e9tape afin d&#039;aborder ce voyage en toute s\u00e9r\u00e9nit\u00e9.\" \/>\n<meta name=\"robots\" content=\"index, follow, max-snippet:-1, max-image-preview:large, max-video-preview:-1\" \/>\n<link rel=\"canonical\" href=\"https:\/\/somg.fr\/index.php\/transition-genre-sophrologie\/\" \/>\n<meta property=\"og:locale\" content=\"en_US\" \/>\n<meta property=\"og:type\" content=\"article\" \/>\n<meta property=\"og:title\" content=\"Transition genre - Maria Guillaumot\" \/>\n<meta property=\"og:description\" content=\"Votre transition de genre est un parcours complexe, la sophrologie vous accompagne \u00e0 chaque \u00e9tape afin d&#039;aborder ce voyage en toute s\u00e9r\u00e9nit\u00e9.\" \/>\n<meta property=\"og:url\" content=\"https:\/\/somg.fr\/index.php\/transition-genre-sophrologie\/\" \/>\n<meta property=\"og:site_name\" content=\"Maria Guillaumot\" \/>\n<meta property=\"article:publisher\" content=\"https:\/\/www.facebook.com\/profile.php?id=61556253637696\" \/>\n<meta property=\"article:modified_time\" content=\"2024-02-29T14:28:55+00:00\" \/>\n<meta property=\"og:image\" content=\"https:\/\/somg.fr\/wp-content\/uploads\/2024\/01\/pexels-cottonbro-studio-6487412-scaled.jpg\" \/>\n<meta name=\"twitter:card\" content=\"summary_large_image\" \/>\n<meta name=\"twitter:label1\" content=\"Est. reading time\" \/>\n\t<meta name=\"twitter:data1\" content=\"4 minutes\" \/>\n<script type=\"application\/ld+json\" class=\"yoast-schema-graph\">{\"@context\":\"https:\\\/\\\/schema.org\",\"@graph\":[{\"@type\":\"WebPage\",\"@id\":\"https:\\\/\\\/somg.fr\\\/index.php\\\/transition-genre-sophrologie\\\/\",\"url\":\"https:\\\/\\\/somg.fr\\\/index.php\\\/transition-genre-sophrologie\\\/\",\"name\":\"Transition genre - Maria Guillaumot\",\"isPartOf\":{\"@id\":\"https:\\\/\\\/somg.fr\\\/#website\"},\"primaryImageOfPage\":{\"@id\":\"https:\\\/\\\/somg.fr\\\/index.php\\\/transition-genre-sophrologie\\\/#primaryimage\"},\"image\":{\"@id\":\"https:\\\/\\\/somg.fr\\\/index.php\\\/transition-genre-sophrologie\\\/#primaryimage\"},\"thumbnailUrl\":\"https:\\\/\\\/somg.fr\\\/wp-content\\\/uploads\\\/2024\\\/01\\\/pexels-cottonbro-studio-6487412-scaled.jpg\",\"datePublished\":\"2024-01-01T19:38:31+00:00\",\"dateModified\":\"2024-02-29T14:28:55+00:00\",\"description\":\"Votre transition de genre est un parcours complexe, la sophrologie vous accompagne \u00e0 chaque \u00e9tape afin d'aborder ce voyage en toute s\u00e9r\u00e9nit\u00e9.\",\"breadcrumb\":{\"@id\":\"https:\\\/\\\/somg.fr\\\/index.php\\\/transition-genre-sophrologie\\\/#breadcrumb\"},\"inLanguage\":\"en-US\",\"potentialAction\":[{\"@type\":\"ReadAction\",\"target\":[\"https:\\\/\\\/somg.fr\\\/index.php\\\/transition-genre-sophrologie\\\/\"]}]},{\"@type\":\"ImageObject\",\"inLanguage\":\"en-US\",\"@id\":\"https:\\\/\\\/somg.fr\\\/index.php\\\/transition-genre-sophrologie\\\/#primaryimage\",\"url\":\"https:\\\/\\\/somg.fr\\\/wp-content\\\/uploads\\\/2024\\\/01\\\/pexels-cottonbro-studio-6487412-scaled.jpg\",\"contentUrl\":\"https:\\\/\\\/somg.fr\\\/wp-content\\\/uploads\\\/2024\\\/01\\\/pexels-cottonbro-studio-6487412-scaled.jpg\",\"width\":2560,\"height\":1707},{\"@type\":\"BreadcrumbList\",\"@id\":\"https:\\\/\\\/somg.fr\\\/index.php\\\/transition-genre-sophrologie\\\/#breadcrumb\",\"itemListElement\":[{\"@type\":\"ListItem\",\"position\":1,\"name\":\"Accueil\",\"item\":\"https:\\\/\\\/somg.fr\\\/\"},{\"@type\":\"ListItem\",\"position\":2,\"name\":\"Transition genre\"}]},{\"@type\":\"WebSite\",\"@id\":\"https:\\\/\\\/somg.fr\\\/#website\",\"url\":\"https:\\\/\\\/somg.fr\\\/\",\"name\":\"So MG\",\"description\":\"Sophrologue \",\"publisher\":{\"@id\":\"https:\\\/\\\/somg.fr\\\/#organization\"},\"alternateName\":\"Sophrologue Maria Guillaumot\",\"potentialAction\":[{\"@type\":\"SearchAction\",\"target\":{\"@type\":\"EntryPoint\",\"urlTemplate\":\"https:\\\/\\\/somg.fr\\\/?s={search_term_string}\"},\"query-input\":{\"@type\":\"PropertyValueSpecification\",\"valueRequired\":true,\"valueName\":\"search_term_string\"}}],\"inLanguage\":\"en-US\"},{\"@type\":\"Organization\",\"@id\":\"https:\\\/\\\/somg.fr\\\/#organization\",\"name\":\"So MG - Maria Guillaumot\",\"url\":\"https:\\\/\\\/somg.fr\\\/\",\"logo\":{\"@type\":\"ImageObject\",\"inLanguage\":\"en-US\",\"@id\":\"https:\\\/\\\/somg.fr\\\/#\\\/schema\\\/logo\\\/image\\\/\",\"url\":\"https:\\\/\\\/somg.fr\\\/wp-content\\\/uploads\\\/2024\\\/02\\\/logo-somg-test-5.png\",\"contentUrl\":\"https:\\\/\\\/somg.fr\\\/wp-content\\\/uploads\\\/2024\\\/02\\\/logo-somg-test-5.png\",\"width\":400,\"height\":400,\"caption\":\"So MG - Maria Guillaumot\"},\"image\":{\"@id\":\"https:\\\/\\\/somg.fr\\\/#\\\/schema\\\/logo\\\/image\\\/\"},\"sameAs\":[\"https:\\\/\\\/www.facebook.com\\\/profile.php?id=61556253637696\"]}]}<\/script>\n<!-- \/ Yoast SEO plugin. -->","yoast_head_json":{"title":"Transition genre - Maria Guillaumot","description":"Votre transition de genre est un parcours complexe, la sophrologie vous accompagne \u00e0 chaque \u00e9tape afin d'aborder ce voyage en toute s\u00e9r\u00e9nit\u00e9.","robots":{"index":"index","follow":"follow","max-snippet":"max-snippet:-1","max-image-preview":"max-image-preview:large","max-video-preview":"max-video-preview:-1"},"canonical":"https:\/\/somg.fr\/index.php\/transition-genre-sophrologie\/","og_locale":"en_US","og_type":"article","og_title":"Transition genre - Maria Guillaumot","og_description":"Votre transition de genre est un parcours complexe, la sophrologie vous accompagne \u00e0 chaque \u00e9tape afin d'aborder ce voyage en toute s\u00e9r\u00e9nit\u00e9.","og_url":"https:\/\/somg.fr\/index.php\/transition-genre-sophrologie\/","og_site_name":"Maria Guillaumot","article_publisher":"https:\/\/www.facebook.com\/profile.php?id=61556253637696","article_modified_time":"2024-02-29T14:28:55+00:00","og_image":[{"url":"https:\/\/somg.fr\/wp-content\/uploads\/2024\/01\/pexels-cottonbro-studio-6487412-scaled.jpg","type":"","width":"","height":""}],"twitter_card":"summary_large_image","twitter_misc":{"Est. reading time":"4 minutes"},"schema":{"@context":"https:\/\/schema.org","@graph":[{"@type":"WebPage","@id":"https:\/\/somg.fr\/index.php\/transition-genre-sophrologie\/","url":"https:\/\/somg.fr\/index.php\/transition-genre-sophrologie\/","name":"Transition genre - Maria Guillaumot","isPartOf":{"@id":"https:\/\/somg.fr\/#website"},"primaryImageOfPage":{"@id":"https:\/\/somg.fr\/index.php\/transition-genre-sophrologie\/#primaryimage"},"image":{"@id":"https:\/\/somg.fr\/index.php\/transition-genre-sophrologie\/#primaryimage"},"thumbnailUrl":"https:\/\/somg.fr\/wp-content\/uploads\/2024\/01\/pexels-cottonbro-studio-6487412-scaled.jpg","datePublished":"2024-01-01T19:38:31+00:00","dateModified":"2024-02-29T14:28:55+00:00","description":"Votre transition de genre est un parcours complexe, la sophrologie vous accompagne \u00e0 chaque \u00e9tape afin d'aborder ce voyage en toute s\u00e9r\u00e9nit\u00e9.","breadcrumb":{"@id":"https:\/\/somg.fr\/index.php\/transition-genre-sophrologie\/#breadcrumb"},"inLanguage":"en-US","potentialAction":[{"@type":"ReadAction","target":["https:\/\/somg.fr\/index.php\/transition-genre-sophrologie\/"]}]},{"@type":"ImageObject","inLanguage":"en-US","@id":"https:\/\/somg.fr\/index.php\/transition-genre-sophrologie\/#primaryimage","url":"https:\/\/somg.fr\/wp-content\/uploads\/2024\/01\/pexels-cottonbro-studio-6487412-scaled.jpg","contentUrl":"https:\/\/somg.fr\/wp-content\/uploads\/2024\/01\/pexels-cottonbro-studio-6487412-scaled.jpg","width":2560,"height":1707},{"@type":"BreadcrumbList","@id":"https:\/\/somg.fr\/index.php\/transition-genre-sophrologie\/#breadcrumb","itemListElement":[{"@type":"ListItem","position":1,"name":"Accueil","item":"https:\/\/somg.fr\/"},{"@type":"ListItem","position":2,"name":"Transition genre"}]},{"@type":"WebSite","@id":"https:\/\/somg.fr\/#website","url":"https:\/\/somg.fr\/","name":"So MG","description":"Sophrologue ","publisher":{"@id":"https:\/\/somg.fr\/#organization"},"alternateName":"Sophrologue Maria Guillaumot","potentialAction":[{"@type":"SearchAction","target":{"@type":"EntryPoint","urlTemplate":"https:\/\/somg.fr\/?s={search_term_string}"},"query-input":{"@type":"PropertyValueSpecification","valueRequired":true,"valueName":"search_term_string"}}],"inLanguage":"en-US"},{"@type":"Organization","@id":"https:\/\/somg.fr\/#organization","name":"So MG - Maria Guillaumot","url":"https:\/\/somg.fr\/","logo":{"@type":"ImageObject","inLanguage":"en-US","@id":"https:\/\/somg.fr\/#\/schema\/logo\/image\/","url":"https:\/\/somg.fr\/wp-content\/uploads\/2024\/02\/logo-somg-test-5.png","contentUrl":"https:\/\/somg.fr\/wp-content\/uploads\/2024\/02\/logo-somg-test-5.png","width":400,"height":400,"caption":"So MG - Maria Guillaumot"},"image":{"@id":"https:\/\/somg.fr\/#\/schema\/logo\/image\/"},"sameAs":["https:\/\/www.facebook.com\/profile.php?id=61556253637696"]}]}},"_links":{"self":[{"href":"https:\/\/somg.fr\/index.php\/wp-json\/wp\/v2\/pages\/19","targetHints":{"allow":["GET"]}}],"collection":[{"href":"https:\/\/somg.fr\/index.php\/wp-json\/wp\/v2\/pages"}],"about":[{"href":"https:\/\/somg.fr\/index.php\/wp-json\/wp\/v2\/types\/page"}],"author":[{"embeddable":true,"href":"https:\/\/somg.fr\/index.php\/wp-json\/wp\/v2\/users\/1"}],"replies":[{"embeddable":true,"href":"https:\/\/somg.fr\/index.php\/wp-json\/wp\/v2\/comments?post=19"}],"version-history":[{"count":23,"href":"https:\/\/somg.fr\/index.php\/wp-json\/wp\/v2\/pages\/19\/revisions"}],"predecessor-version":[{"id":1039,"href":"https:\/\/somg.fr\/index.php\/wp-json\/wp\/v2\/pages\/19\/revisions\/1039"}],"wp:attachment":[{"href":"https:\/\/somg.fr\/index.php\/wp-json\/wp\/v2\/media?parent=19"}],"curies":[{"name":"wp","href":"https:\/\/api.w.org\/{rel}","templated":true}]}}