{"id":13,"date":"2024-01-01T20:36:21","date_gmt":"2024-01-01T19:36:21","guid":{"rendered":"https:\/\/somg.fr\/?page_id=13"},"modified":"2024-05-06T14:56:24","modified_gmt":"2024-05-06T12:56:24","slug":"sophrologue-sophrologie-sommeil-douleurs-emotions","status":"publish","type":"page","link":"https:\/\/somg.fr\/","title":{"rendered":"Sophrologue \u00e0 Romagnat, Clermont Ferrand et en Visio"},"content":{"rendered":"\n<div class=\"wp-block-cover is-light block-citation has-medium-font-size\" style=\"min-height:200px;aspect-ratio:unset;\"><span aria-hidden=\"true\" class=\"wp-block-cover__background has-background-dim-10 has-background-dim\"><\/span><img loading=\"lazy\" decoding=\"async\" width=\"1080\" height=\"1080\" class=\"wp-block-cover__image-background wp-image-294\" alt=\"sophrologie, sophrologue, sommeil, douleurs, \u00e9motions.\" src=\"https:\/\/somg.fr\/wp-content\/uploads\/2024\/01\/Design-sans-titre-2.png\" style=\"object-position:49% 62%\" data-object-fit=\"cover\" data-object-position=\"49% 62%\" srcset=\"https:\/\/somg.fr\/wp-content\/uploads\/2024\/01\/Design-sans-titre-2.png 1080w, https:\/\/somg.fr\/wp-content\/uploads\/2024\/01\/Design-sans-titre-2-300x300.png 300w, https:\/\/somg.fr\/wp-content\/uploads\/2024\/01\/Design-sans-titre-2-1024x1024.png 1024w, https:\/\/somg.fr\/wp-content\/uploads\/2024\/01\/Design-sans-titre-2-150x150.png 150w, https:\/\/somg.fr\/wp-content\/uploads\/2024\/01\/Design-sans-titre-2-768x768.png 768w\" sizes=\"auto, (max-width: 1080px) 100vw, 1080px\" \/><div class=\"wp-block-cover__inner-container is-layout-constrained wp-block-cover-is-layout-constrained\">\n<p class=\"has-text-align-center citation has-theme-palette-3-color has-text-color has-link-color has-medium-font-size wp-elements-4d0d792d48622bcceaccc278130079e5\"><strong>&#8220;Ce n&#8217;est pas le vent qui d\u00e9cide de votre destination, <\/strong><br><strong>c&#8217;est l&#8217;orientation que vous donnez \u00e0 votre voile.<br> Le vent est pareil pour tous.&#8221;<\/strong><\/p>\n\n\n\n<p class=\"has-text-align-right auteur has-theme-palette-1-color has-text-color has-link-color has-medium-font-size wp-elements-7d649d7c4290c62405ceaec1f39160f8\"><i>Jim Rohn<\/i><\/p>\n<\/div><\/div>\n\n\n\n<h1 class=\"wp-block-heading has-text-align-center\">Bienvenue dans l&#8217;univers bienveillant de la sophrologie<\/h1>\n\n\n\n<p>En qualit\u00e9 de sophrologue, mon accompagnement est empreint de professionnalisme, de respect et d&#8217;une stricte confidentialit\u00e9. <br>Gr\u00e2ce \u00e0 des techniques simples et accessibles \u00e0 tous, nous travaillerons ensemble pour vous permettre d&#8217;embrasser un quotidien plus serein.<br>D\u00e9butez d\u00e8s aujourd&#8217;hui votre parcours vers votre bien-\u00eatre et votre tranquillit\u00e9 int\u00e9rieure. <\/p>\n\n\n\n<div class=\"wp-block-columns is-layout-flex wp-container-core-columns-is-layout-9d6595d7 wp-block-columns-is-layout-flex\">\n<div class=\"wp-block-column home-box-content is-layout-flow wp-block-column-is-layout-flow\"><style>.wp-block-kadence-advancedheading.kt-adv-heading13_ff891f-03, .wp-block-kadence-advancedheading.kt-adv-heading13_ff891f-03[data-kb-block=\"kb-adv-heading13_ff891f-03\"]{padding-top:0px;text-align:center;font-style:normal;}.wp-block-kadence-advancedheading.kt-adv-heading13_ff891f-03 mark.kt-highlight, .wp-block-kadence-advancedheading.kt-adv-heading13_ff891f-03[data-kb-block=\"kb-adv-heading13_ff891f-03\"] mark.kt-highlight{font-style:normal;color:#f76a0c;-webkit-box-decoration-break:clone;box-decoration-break:clone;padding-top:0px;padding-right:0px;padding-bottom:0px;padding-left:0px;}.wp-block-kadence-advancedheading.kt-adv-heading13_ff891f-03 img.kb-inline-image, .wp-block-kadence-advancedheading.kt-adv-heading13_ff891f-03[data-kb-block=\"kb-adv-heading13_ff891f-03\"] img.kb-inline-image{width:150px;vertical-align:baseline;}<\/style>\n<h2 class=\"kt-adv-heading13_ff891f-03 wp-block-kadence-advancedheading\" data-kb-block=\"kb-adv-heading13_ff891f-03\">Douleurs<\/h2>\n\n\n\n<p style=\"font-style:normal;font-weight:400\">La douleur est une exp\u00e9rience universelle, mais cela ne signifie pas que vous devez la supporter seul(e).<br><br>Apprenez \u00e0 g\u00e9rer votre douleur et trouver le chemin vers un quotidien plus confortable et \u00e9panouissant.<\/p>\n\n\n\n<div class=\"wp-block-buttons is-content-justification-center is-layout-flex wp-container-core-buttons-is-layout-d9cd0f1e wp-block-buttons-is-layout-flex\">\n<div class=\"wp-block-button has-custom-width wp-block-button__width-50 content-button\"><a class=\"wp-block-button__link wp-element-button\" href=\"https:\/\/somg.fr\/index.php\/douleur-sophrologie-sophrologue-bonheur\/\">Lire plus&#8230;<\/a><\/div>\n<\/div>\n<\/div>\n\n\n\n<div class=\"wp-block-column home-box-content is-layout-flow wp-block-column-is-layout-flow\"><style>.wp-block-kadence-advancedheading.kt-adv-heading13_d761a1-50, .wp-block-kadence-advancedheading.kt-adv-heading13_d761a1-50[data-kb-block=\"kb-adv-heading13_d761a1-50\"]{text-align:center;font-style:normal;}.wp-block-kadence-advancedheading.kt-adv-heading13_d761a1-50 mark.kt-highlight, .wp-block-kadence-advancedheading.kt-adv-heading13_d761a1-50[data-kb-block=\"kb-adv-heading13_d761a1-50\"] mark.kt-highlight{font-style:normal;color:#f76a0c;-webkit-box-decoration-break:clone;box-decoration-break:clone;padding-top:0px;padding-right:0px;padding-bottom:0px;padding-left:0px;}.wp-block-kadence-advancedheading.kt-adv-heading13_d761a1-50 img.kb-inline-image, .wp-block-kadence-advancedheading.kt-adv-heading13_d761a1-50[data-kb-block=\"kb-adv-heading13_d761a1-50\"] img.kb-inline-image{width:150px;vertical-align:baseline;}<\/style>\n<h2 class=\"kt-adv-heading13_d761a1-50 wp-block-kadence-advancedheading\" data-kb-block=\"kb-adv-heading13_d761a1-50\">Humeur &#8211; \u00c9motion<\/h2>\n\n\n\n<p>Les hauts et les bas sont difficiles \u00e0 g\u00e9rer pour vous et votre entourage, et cela p\u00e8se sur votre vie quotidienne.<br><br>Appropriez-vous vos propres ressources pour cultiver une humeur \u00e9quilibr\u00e9e et retrouvez un apaisement au quotidien.<\/p>\n\n\n\n<div class=\"wp-block-buttons is-content-justification-center is-layout-flex wp-container-core-buttons-is-layout-16018d1d wp-block-buttons-is-layout-flex\">\n<div class=\"wp-block-button has-custom-width wp-block-button__width-50 content-button\"><a class=\"wp-block-button__link wp-element-button\" href=\"https:\/\/somg.fr\/index.php\/emotions-humeur-sophrologie\/\">Lire plus&#8230;<\/a><\/div>\n<\/div>\n<\/div>\n\n\n\n<div class=\"wp-block-column home-box-content is-layout-flow wp-block-column-is-layout-flow\"><style>.wp-block-kadence-advancedheading.kt-adv-heading13_913f10-cf, .wp-block-kadence-advancedheading.kt-adv-heading13_913f10-cf[data-kb-block=\"kb-adv-heading13_913f10-cf\"]{text-align:center;font-style:normal;}.wp-block-kadence-advancedheading.kt-adv-heading13_913f10-cf mark.kt-highlight, .wp-block-kadence-advancedheading.kt-adv-heading13_913f10-cf[data-kb-block=\"kb-adv-heading13_913f10-cf\"] mark.kt-highlight{font-style:normal;color:#f76a0c;-webkit-box-decoration-break:clone;box-decoration-break:clone;padding-top:0px;padding-right:0px;padding-bottom:0px;padding-left:0px;}.wp-block-kadence-advancedheading.kt-adv-heading13_913f10-cf img.kb-inline-image, .wp-block-kadence-advancedheading.kt-adv-heading13_913f10-cf[data-kb-block=\"kb-adv-heading13_913f10-cf\"] img.kb-inline-image{width:150px;vertical-align:baseline;}<\/style>\n<h2 class=\"kt-adv-heading13_913f10-cf wp-block-kadence-advancedheading\" data-kb-block=\"kb-adv-heading13_913f10-cf\">Concentration<\/h2>\n\n\n\n<p>Vous \u00eates dispers\u00e9 et votre quotidien en est impact\u00e9.<br><br>D\u00e9veloppez vos comp\u00e9tences et trouvez la concentration que vous m\u00e9ritez. <\/p>\n\n\n\n<div class=\"wp-block-buttons is-content-justification-center is-layout-flex wp-container-core-buttons-is-layout-16018d1d wp-block-buttons-is-layout-flex\">\n<div class=\"wp-block-button has-custom-width wp-block-button__width-50 content-button\"><a class=\"wp-block-button__link wp-element-button\" href=\"https:\/\/somg.fr\/index.php\/concentration-sophrologie-sophrologue-esprit\/\">lire plus&#8230;<\/a><\/div>\n<\/div>\n<\/div>\n<\/div>\n\n\n\n<div class=\"wp-block-columns is-layout-flex wp-container-core-columns-is-layout-9d6595d7 wp-block-columns-is-layout-flex\">\n<div class=\"wp-block-column home-box-content is-layout-flow wp-block-column-is-layout-flow\"><style>.wp-block-kadence-advancedheading.kt-adv-heading13_14ad1e-9a, .wp-block-kadence-advancedheading.kt-adv-heading13_14ad1e-9a[data-kb-block=\"kb-adv-heading13_14ad1e-9a\"]{text-align:center;font-style:normal;}.wp-block-kadence-advancedheading.kt-adv-heading13_14ad1e-9a mark.kt-highlight, .wp-block-kadence-advancedheading.kt-adv-heading13_14ad1e-9a[data-kb-block=\"kb-adv-heading13_14ad1e-9a\"] mark.kt-highlight{font-style:normal;color:#f76a0c;-webkit-box-decoration-break:clone;box-decoration-break:clone;padding-top:0px;padding-right:0px;padding-bottom:0px;padding-left:0px;}.wp-block-kadence-advancedheading.kt-adv-heading13_14ad1e-9a img.kb-inline-image, .wp-block-kadence-advancedheading.kt-adv-heading13_14ad1e-9a[data-kb-block=\"kb-adv-heading13_14ad1e-9a\"] img.kb-inline-image{width:150px;vertical-align:baseline;}<\/style>\n<h2 class=\"kt-adv-heading13_14ad1e-9a wp-block-kadence-advancedheading\" data-kb-block=\"kb-adv-heading13_14ad1e-9a\">Neuroatypie<\/h2>\n\n\n\n<p>Votre quotidien est un d\u00e9fi, tant au niveau de la communication que des interactions sociales.<br><br>Trouvez en vous les cl\u00e9s pour vous \u00e9panouir jour apr\u00e8s jour, en relevant les d\u00e9fis qui vous tiennent \u00e0 c\u0153ur.<\/p>\n\n\n\n<div class=\"wp-block-buttons is-content-justification-center is-layout-flex wp-container-core-buttons-is-layout-16018d1d wp-block-buttons-is-layout-flex\">\n<div class=\"wp-block-button has-custom-width wp-block-button__width-50 content-button\"><a class=\"wp-block-button__link wp-element-button\" href=\"https:\/\/somg.fr\/index.php\/neuroatypie-autisme-sophrologie\/\">lire plus&#8230;<\/a><\/div>\n<\/div>\n<\/div>\n\n\n\n<div class=\"wp-block-column home-box-content is-layout-flow wp-block-column-is-layout-flow\"><style>.wp-block-kadence-advancedheading.kt-adv-heading13_41e745-1a, .wp-block-kadence-advancedheading.kt-adv-heading13_41e745-1a[data-kb-block=\"kb-adv-heading13_41e745-1a\"]{text-align:center;font-style:normal;}.wp-block-kadence-advancedheading.kt-adv-heading13_41e745-1a mark.kt-highlight, .wp-block-kadence-advancedheading.kt-adv-heading13_41e745-1a[data-kb-block=\"kb-adv-heading13_41e745-1a\"] mark.kt-highlight{font-style:normal;color:#f76a0c;-webkit-box-decoration-break:clone;box-decoration-break:clone;padding-top:0px;padding-right:0px;padding-bottom:0px;padding-left:0px;}.wp-block-kadence-advancedheading.kt-adv-heading13_41e745-1a img.kb-inline-image, .wp-block-kadence-advancedheading.kt-adv-heading13_41e745-1a[data-kb-block=\"kb-adv-heading13_41e745-1a\"] img.kb-inline-image{width:150px;vertical-align:baseline;}<\/style>\n<h2 class=\"kt-adv-heading13_41e745-1a wp-block-kadence-advancedheading\" data-kb-block=\"kb-adv-heading13_41e745-1a\">Transition<\/h2>\n\n\n\n<p>Vous \u00eates confront\u00e9(e) au d\u00e9fi complexe de red\u00e9finir votre identit\u00e9 de genre, impliquant des aspects \u00e9motionnels, physiques et sociaux.<br><br>Mettrez l&#8217;accent sur la gestion positive des d\u00e9fis propres \u00e0 votre transformation personnelle.<\/p>\n\n\n\n<div class=\"wp-block-buttons is-content-justification-center is-layout-flex wp-container-core-buttons-is-layout-16018d1d wp-block-buttons-is-layout-flex\">\n<div class=\"wp-block-button has-custom-width wp-block-button__width-50 content-button\"><a class=\"wp-block-button__link wp-element-button\" href=\"https:\/\/somg.fr\/index.php\/transition-genre-sophrologie\/\">lire plus&#8230;<\/a><\/div>\n<\/div>\n<\/div>\n\n\n\n<div class=\"wp-block-column home-box-content is-layout-flow wp-block-column-is-layout-flow\"><style>.wp-block-kadence-advancedheading.kt-adv-heading13_bfb88f-78, .wp-block-kadence-advancedheading.kt-adv-heading13_bfb88f-78[data-kb-block=\"kb-adv-heading13_bfb88f-78\"]{text-align:center;font-style:normal;}.wp-block-kadence-advancedheading.kt-adv-heading13_bfb88f-78 mark.kt-highlight, .wp-block-kadence-advancedheading.kt-adv-heading13_bfb88f-78[data-kb-block=\"kb-adv-heading13_bfb88f-78\"] mark.kt-highlight{font-style:normal;color:#f76a0c;-webkit-box-decoration-break:clone;box-decoration-break:clone;padding-top:0px;padding-right:0px;padding-bottom:0px;padding-left:0px;}.wp-block-kadence-advancedheading.kt-adv-heading13_bfb88f-78 img.kb-inline-image, .wp-block-kadence-advancedheading.kt-adv-heading13_bfb88f-78[data-kb-block=\"kb-adv-heading13_bfb88f-78\"] img.kb-inline-image{width:150px;vertical-align:baseline;}<\/style>\n<h2 class=\"kt-adv-heading13_bfb88f-78 wp-block-kadence-advancedheading\" data-kb-block=\"kb-adv-heading13_bfb88f-78\">Sommeil<\/h2>\n\n\n\n<p>Le manque de sommeil a un impact significatif sur votre vie quotidienne et vos relations. <br><br>Il est temps de puiser en vous-m\u00eame les ressources n\u00e9cessaires pour retrouver le contr\u00f4le sur votre sommeil.<\/p>\n\n\n\n<div class=\"wp-block-buttons is-content-justification-center is-layout-flex wp-container-core-buttons-is-layout-16018d1d wp-block-buttons-is-layout-flex\">\n<div class=\"wp-block-button has-custom-width wp-block-button__width-50 content-button\"><a class=\"wp-block-button__link wp-element-button\" href=\"https:\/\/somg.fr\/index.php\/sommeil-sophrologie-sophrologue\/\">lire plus&#8230;<\/a><\/div>\n<\/div>\n<\/div>\n<\/div>\n","protected":false},"excerpt":{"rendered":"<p>Bienvenue dans l&#8217;univers bienveillant de la sophrologie En qualit\u00e9 de sophrologue, mon accompagnement est empreint de professionnalisme, de respect et d&#8217;une stricte confidentialit\u00e9. Gr\u00e2ce \u00e0 des techniques simples et accessibles \u00e0 tous, nous travaillerons ensemble pour vous permettre d&#8217;embrasser un quotidien plus serein.D\u00e9butez d\u00e8s aujourd&#8217;hui votre parcours vers votre bien-\u00eatre et votre tranquillit\u00e9 int\u00e9rieure. Douleurs&#8230;<\/p>\n","protected":false},"author":1,"featured_media":0,"parent":0,"menu_order":0,"comment_status":"closed","ping_status":"closed","template":"","meta":{"_kad_post_transparent":"default","_kad_post_title":"hide","_kad_post_layout":"","_kad_post_sidebar_id":"","_kad_post_content_style":"","_kad_post_vertical_padding":"","_kad_post_feature":"","_kad_post_feature_position":"","_kad_post_header":false,"_kad_post_footer":false,"footnotes":""},"class_list":["post-13","page","type-page","status-publish","hentry"],"yoast_head":"<!-- This site is optimized with the Yoast SEO plugin v27.3 - https:\/\/yoast.com\/product\/yoast-seo-wordpress\/ -->\n<title>Sophrologue \u00e0 Romagnat, Clermont Ferrand et en Visio<\/title>\n<meta name=\"description\" content=\"En tant que sophrologue, je vous accompagne afin que vous trouviez en vous les ressources n\u00e9cessaires \u00e0 l&#039;atteinte de vos objectifs.\" \/>\n<meta name=\"robots\" content=\"index, follow, max-snippet:-1, max-image-preview:large, max-video-preview:-1\" \/>\n<link rel=\"canonical\" href=\"https:\/\/somg.fr\/\" \/>\n<meta property=\"og:locale\" content=\"en_US\" \/>\n<meta property=\"og:type\" content=\"article\" \/>\n<meta property=\"og:title\" content=\"Sophrologue \u00e0 Romagnat, Clermont Ferrand et en Visio\" \/>\n<meta property=\"og:description\" content=\"En tant que sophrologue, je vous accompagne afin que vous trouviez en vous les ressources n\u00e9cessaires \u00e0 l&#039;atteinte de vos objectifs.\" \/>\n<meta property=\"og:url\" content=\"https:\/\/somg.fr\/\" \/>\n<meta property=\"og:site_name\" content=\"Maria Guillaumot\" \/>\n<meta property=\"article:publisher\" content=\"https:\/\/www.facebook.com\/profile.php?id=61556253637696\" \/>\n<meta property=\"article:modified_time\" content=\"2024-05-06T12:56:24+00:00\" \/>\n<meta property=\"og:image\" content=\"https:\/\/somg.fr\/wp-content\/uploads\/2024\/01\/Design-sans-titre-2.png\" \/>\n<meta name=\"twitter:card\" content=\"summary_large_image\" \/>\n<meta name=\"twitter:label1\" content=\"Est. reading time\" \/>\n\t<meta name=\"twitter:data1\" content=\"2 minutes\" \/>\n<script type=\"application\/ld+json\" class=\"yoast-schema-graph\">{\"@context\":\"https:\\\/\\\/schema.org\",\"@graph\":[{\"@type\":\"Article\",\"@id\":\"https:\\\/\\\/somg.fr\\\/#article\",\"isPartOf\":{\"@id\":\"https:\\\/\\\/somg.fr\\\/\"},\"author\":{\"name\":\"admin5716\",\"@id\":\"https:\\\/\\\/somg.fr\\\/#\\\/schema\\\/person\\\/5d13b4eca5d67f5aa0e092b9fc1192ef\"},\"headline\":\"Sophrologue \u00e0 Romagnat, Clermont Ferrand et en Visio\",\"datePublished\":\"2024-01-01T19:36:21+00:00\",\"dateModified\":\"2024-05-06T12:56:24+00:00\",\"mainEntityOfPage\":{\"@id\":\"https:\\\/\\\/somg.fr\\\/\"},\"wordCount\":315,\"publisher\":{\"@id\":\"https:\\\/\\\/somg.fr\\\/#organization\"},\"image\":{\"@id\":\"https:\\\/\\\/somg.fr\\\/#primaryimage\"},\"thumbnailUrl\":\"https:\\\/\\\/somg.fr\\\/wp-content\\\/uploads\\\/2024\\\/01\\\/Design-sans-titre-2.png\",\"inLanguage\":\"en-US\"},{\"@type\":[\"WebPage\",\"ItemPage\"],\"@id\":\"https:\\\/\\\/somg.fr\\\/\",\"url\":\"https:\\\/\\\/somg.fr\\\/\",\"name\":\"Sophrologue \u00e0 Romagnat, Clermont Ferrand et en Visio\",\"isPartOf\":{\"@id\":\"https:\\\/\\\/somg.fr\\\/#website\"},\"primaryImageOfPage\":{\"@id\":\"https:\\\/\\\/somg.fr\\\/#primaryimage\"},\"image\":{\"@id\":\"https:\\\/\\\/somg.fr\\\/#primaryimage\"},\"thumbnailUrl\":\"https:\\\/\\\/somg.fr\\\/wp-content\\\/uploads\\\/2024\\\/01\\\/Design-sans-titre-2.png\",\"datePublished\":\"2024-01-01T19:36:21+00:00\",\"dateModified\":\"2024-05-06T12:56:24+00:00\",\"description\":\"En tant que sophrologue, je vous accompagne afin que vous trouviez en vous les ressources n\u00e9cessaires \u00e0 l'atteinte de vos objectifs.\",\"breadcrumb\":{\"@id\":\"https:\\\/\\\/somg.fr\\\/#breadcrumb\"},\"inLanguage\":\"en-US\",\"potentialAction\":[{\"@type\":\"ReadAction\",\"target\":[\"https:\\\/\\\/somg.fr\\\/\"]}]},{\"@type\":\"ImageObject\",\"inLanguage\":\"en-US\",\"@id\":\"https:\\\/\\\/somg.fr\\\/#primaryimage\",\"url\":\"https:\\\/\\\/somg.fr\\\/wp-content\\\/uploads\\\/2024\\\/01\\\/Design-sans-titre-2.png\",\"contentUrl\":\"https:\\\/\\\/somg.fr\\\/wp-content\\\/uploads\\\/2024\\\/01\\\/Design-sans-titre-2.png\",\"width\":1080,\"height\":1080},{\"@type\":\"BreadcrumbList\",\"@id\":\"https:\\\/\\\/somg.fr\\\/#breadcrumb\",\"itemListElement\":[{\"@type\":\"ListItem\",\"position\":1,\"name\":\"Accueil\",\"item\":\"https:\\\/\\\/somg.fr\\\/\"},{\"@type\":\"ListItem\",\"position\":2,\"name\":\"Sophrologue \u00e0 Romagnat, Clermont Ferrand et en Visio\"}]},{\"@type\":\"WebSite\",\"@id\":\"https:\\\/\\\/somg.fr\\\/#website\",\"url\":\"https:\\\/\\\/somg.fr\\\/\",\"name\":\"So MG\",\"description\":\"Sophrologue \",\"publisher\":{\"@id\":\"https:\\\/\\\/somg.fr\\\/#organization\"},\"alternateName\":\"Sophrologue Maria Guillaumot\",\"potentialAction\":[{\"@type\":\"SearchAction\",\"target\":{\"@type\":\"EntryPoint\",\"urlTemplate\":\"https:\\\/\\\/somg.fr\\\/?s={search_term_string}\"},\"query-input\":{\"@type\":\"PropertyValueSpecification\",\"valueRequired\":true,\"valueName\":\"search_term_string\"}}],\"inLanguage\":\"en-US\"},{\"@type\":\"Organization\",\"@id\":\"https:\\\/\\\/somg.fr\\\/#organization\",\"name\":\"So MG - Maria Guillaumot\",\"url\":\"https:\\\/\\\/somg.fr\\\/\",\"logo\":{\"@type\":\"ImageObject\",\"inLanguage\":\"en-US\",\"@id\":\"https:\\\/\\\/somg.fr\\\/#\\\/schema\\\/logo\\\/image\\\/\",\"url\":\"https:\\\/\\\/somg.fr\\\/wp-content\\\/uploads\\\/2024\\\/02\\\/logo-somg-test-5.png\",\"contentUrl\":\"https:\\\/\\\/somg.fr\\\/wp-content\\\/uploads\\\/2024\\\/02\\\/logo-somg-test-5.png\",\"width\":400,\"height\":400,\"caption\":\"So MG - Maria Guillaumot\"},\"image\":{\"@id\":\"https:\\\/\\\/somg.fr\\\/#\\\/schema\\\/logo\\\/image\\\/\"},\"sameAs\":[\"https:\\\/\\\/www.facebook.com\\\/profile.php?id=61556253637696\"]},{\"@type\":\"Person\",\"@id\":\"https:\\\/\\\/somg.fr\\\/#\\\/schema\\\/person\\\/5d13b4eca5d67f5aa0e092b9fc1192ef\",\"name\":\"admin5716\",\"image\":{\"@type\":\"ImageObject\",\"inLanguage\":\"en-US\",\"@id\":\"https:\\\/\\\/secure.gravatar.com\\\/avatar\\\/6ecee5055c4aeb8a8a505fe8db2a670c7d69bbe35430109cc2144d8b4bf48b28?s=96&d=mm&r=g\",\"url\":\"https:\\\/\\\/secure.gravatar.com\\\/avatar\\\/6ecee5055c4aeb8a8a505fe8db2a670c7d69bbe35430109cc2144d8b4bf48b28?s=96&d=mm&r=g\",\"contentUrl\":\"https:\\\/\\\/secure.gravatar.com\\\/avatar\\\/6ecee5055c4aeb8a8a505fe8db2a670c7d69bbe35430109cc2144d8b4bf48b28?s=96&d=mm&r=g\",\"caption\":\"admin5716\"},\"sameAs\":[\"http:\\\/\\\/somg.fr\"],\"url\":\"https:\\\/\\\/somg.fr\\\/index.php\\\/author\\\/admin5716\\\/\"}]}<\/script>\n<!-- \/ Yoast SEO plugin. -->","yoast_head_json":{"title":"Sophrologue \u00e0 Romagnat, Clermont Ferrand et en Visio","description":"En tant que sophrologue, je vous accompagne afin que vous trouviez en vous les ressources n\u00e9cessaires \u00e0 l'atteinte de vos objectifs.","robots":{"index":"index","follow":"follow","max-snippet":"max-snippet:-1","max-image-preview":"max-image-preview:large","max-video-preview":"max-video-preview:-1"},"canonical":"https:\/\/somg.fr\/","og_locale":"en_US","og_type":"article","og_title":"Sophrologue \u00e0 Romagnat, Clermont Ferrand et en Visio","og_description":"En tant que sophrologue, je vous accompagne afin que vous trouviez en vous les ressources n\u00e9cessaires \u00e0 l'atteinte de vos objectifs.","og_url":"https:\/\/somg.fr\/","og_site_name":"Maria Guillaumot","article_publisher":"https:\/\/www.facebook.com\/profile.php?id=61556253637696","article_modified_time":"2024-05-06T12:56:24+00:00","og_image":[{"url":"https:\/\/somg.fr\/wp-content\/uploads\/2024\/01\/Design-sans-titre-2.png","type":"","width":"","height":""}],"twitter_card":"summary_large_image","twitter_misc":{"Est. reading time":"2 minutes"},"schema":{"@context":"https:\/\/schema.org","@graph":[{"@type":"Article","@id":"https:\/\/somg.fr\/#article","isPartOf":{"@id":"https:\/\/somg.fr\/"},"author":{"name":"admin5716","@id":"https:\/\/somg.fr\/#\/schema\/person\/5d13b4eca5d67f5aa0e092b9fc1192ef"},"headline":"Sophrologue \u00e0 Romagnat, Clermont Ferrand et en Visio","datePublished":"2024-01-01T19:36:21+00:00","dateModified":"2024-05-06T12:56:24+00:00","mainEntityOfPage":{"@id":"https:\/\/somg.fr\/"},"wordCount":315,"publisher":{"@id":"https:\/\/somg.fr\/#organization"},"image":{"@id":"https:\/\/somg.fr\/#primaryimage"},"thumbnailUrl":"https:\/\/somg.fr\/wp-content\/uploads\/2024\/01\/Design-sans-titre-2.png","inLanguage":"en-US"},{"@type":["WebPage","ItemPage"],"@id":"https:\/\/somg.fr\/","url":"https:\/\/somg.fr\/","name":"Sophrologue \u00e0 Romagnat, Clermont Ferrand et en Visio","isPartOf":{"@id":"https:\/\/somg.fr\/#website"},"primaryImageOfPage":{"@id":"https:\/\/somg.fr\/#primaryimage"},"image":{"@id":"https:\/\/somg.fr\/#primaryimage"},"thumbnailUrl":"https:\/\/somg.fr\/wp-content\/uploads\/2024\/01\/Design-sans-titre-2.png","datePublished":"2024-01-01T19:36:21+00:00","dateModified":"2024-05-06T12:56:24+00:00","description":"En tant que sophrologue, je vous accompagne afin que vous trouviez en vous les ressources n\u00e9cessaires \u00e0 l'atteinte de vos objectifs.","breadcrumb":{"@id":"https:\/\/somg.fr\/#breadcrumb"},"inLanguage":"en-US","potentialAction":[{"@type":"ReadAction","target":["https:\/\/somg.fr\/"]}]},{"@type":"ImageObject","inLanguage":"en-US","@id":"https:\/\/somg.fr\/#primaryimage","url":"https:\/\/somg.fr\/wp-content\/uploads\/2024\/01\/Design-sans-titre-2.png","contentUrl":"https:\/\/somg.fr\/wp-content\/uploads\/2024\/01\/Design-sans-titre-2.png","width":1080,"height":1080},{"@type":"BreadcrumbList","@id":"https:\/\/somg.fr\/#breadcrumb","itemListElement":[{"@type":"ListItem","position":1,"name":"Accueil","item":"https:\/\/somg.fr\/"},{"@type":"ListItem","position":2,"name":"Sophrologue \u00e0 Romagnat, Clermont Ferrand et en Visio"}]},{"@type":"WebSite","@id":"https:\/\/somg.fr\/#website","url":"https:\/\/somg.fr\/","name":"So MG","description":"Sophrologue ","publisher":{"@id":"https:\/\/somg.fr\/#organization"},"alternateName":"Sophrologue Maria Guillaumot","potentialAction":[{"@type":"SearchAction","target":{"@type":"EntryPoint","urlTemplate":"https:\/\/somg.fr\/?s={search_term_string}"},"query-input":{"@type":"PropertyValueSpecification","valueRequired":true,"valueName":"search_term_string"}}],"inLanguage":"en-US"},{"@type":"Organization","@id":"https:\/\/somg.fr\/#organization","name":"So MG - Maria Guillaumot","url":"https:\/\/somg.fr\/","logo":{"@type":"ImageObject","inLanguage":"en-US","@id":"https:\/\/somg.fr\/#\/schema\/logo\/image\/","url":"https:\/\/somg.fr\/wp-content\/uploads\/2024\/02\/logo-somg-test-5.png","contentUrl":"https:\/\/somg.fr\/wp-content\/uploads\/2024\/02\/logo-somg-test-5.png","width":400,"height":400,"caption":"So MG - Maria Guillaumot"},"image":{"@id":"https:\/\/somg.fr\/#\/schema\/logo\/image\/"},"sameAs":["https:\/\/www.facebook.com\/profile.php?id=61556253637696"]},{"@type":"Person","@id":"https:\/\/somg.fr\/#\/schema\/person\/5d13b4eca5d67f5aa0e092b9fc1192ef","name":"admin5716","image":{"@type":"ImageObject","inLanguage":"en-US","@id":"https:\/\/secure.gravatar.com\/avatar\/6ecee5055c4aeb8a8a505fe8db2a670c7d69bbe35430109cc2144d8b4bf48b28?s=96&d=mm&r=g","url":"https:\/\/secure.gravatar.com\/avatar\/6ecee5055c4aeb8a8a505fe8db2a670c7d69bbe35430109cc2144d8b4bf48b28?s=96&d=mm&r=g","contentUrl":"https:\/\/secure.gravatar.com\/avatar\/6ecee5055c4aeb8a8a505fe8db2a670c7d69bbe35430109cc2144d8b4bf48b28?s=96&d=mm&r=g","caption":"admin5716"},"sameAs":["http:\/\/somg.fr"],"url":"https:\/\/somg.fr\/index.php\/author\/admin5716\/"}]}},"_links":{"self":[{"href":"https:\/\/somg.fr\/index.php\/wp-json\/wp\/v2\/pages\/13","targetHints":{"allow":["GET"]}}],"collection":[{"href":"https:\/\/somg.fr\/index.php\/wp-json\/wp\/v2\/pages"}],"about":[{"href":"https:\/\/somg.fr\/index.php\/wp-json\/wp\/v2\/types\/page"}],"author":[{"embeddable":true,"href":"https:\/\/somg.fr\/index.php\/wp-json\/wp\/v2\/users\/1"}],"replies":[{"embeddable":true,"href":"https:\/\/somg.fr\/index.php\/wp-json\/wp\/v2\/comments?post=13"}],"version-history":[{"count":80,"href":"https:\/\/somg.fr\/index.php\/wp-json\/wp\/v2\/pages\/13\/revisions"}],"predecessor-version":[{"id":1359,"href":"https:\/\/somg.fr\/index.php\/wp-json\/wp\/v2\/pages\/13\/revisions\/1359"}],"wp:attachment":[{"href":"https:\/\/somg.fr\/index.php\/wp-json\/wp\/v2\/media?parent=13"}],"curies":[{"name":"wp","href":"https:\/\/api.w.org\/{rel}","templated":true}]}}